{"id":8866,"date":"2023-09-11T12:54:36","date_gmt":"2023-09-11T10:54:36","guid":{"rendered":"https:\/\/www.funtasyenglish.com\/?post_type=product&#038;p=8866"},"modified":"2026-04-05T17:34:39","modified_gmt":"2026-04-05T15:34:39","slug":"portfolio-k-motivacnemu-pribehu","status":"publish","type":"product","link":"https:\/\/www.funtasyenglish.com\/produkt\/portfolio-k-motivacnemu-pribehu\/","title":{"rendered":"Portf\u00f3lio k motiva\u010dn\u00e9mu pr\u00edbehu 1"},"content":{"rendered":"","protected":false},"excerpt":{"rendered":"<p>Kni\u017eo\u010dka <strong>na 16 stran\u00e1ch<\/strong> obsahuje:<\/p>\n<ul>\n<li>n\u00e1\u0161 <strong><a href=\"https:\/\/www.funtasyenglish.com\/funtasy-english-land\/\">motiva\u010dn\u00fd pr\u00edbeh<\/a>\u00a0<\/strong><\/li>\n<li>spolu so <strong>z\u00e1bavn\u00fdmi \u00falohami <\/strong><\/li>\n<li><strong>a n\u00e1dhern\u00fdmi ilustr\u00e1ciami.<\/strong><\/li>\n<\/ul>\n<p>V\u017edy <strong>v\u013eavo je<\/strong> pr\u00edbeh <strong>v slovenskom jazyku<\/strong> a <strong>vpravo v anglickom jazyku<\/strong> aj spolu s doplnkov\u00fdmi \u00falohami, kde deti pracuj\u00fa s obr\u00e1zkom. Portf\u00f3lio m\u00e1<strong> multikult\u00farny aspekt<\/strong>, ke\u010f\u017ee sa deti dozvedia, <strong>ako vznikli jednotliv\u00ed \u0161kriatkovia, ak\u00e9 kvety predstavuj\u00fa<\/strong> a <strong>nau\u010dia sa okrem toho 16 slov\u00ed\u010dok<\/strong>, s ktor\u00fdmi sa stretn\u00fa v pr\u00edbehu \u010di na obr\u00e1zkoch.<\/p>\n<p>Na z\u00e1ver s\u00fa <strong>slov\u00ed\u010dka zhrnut\u00e9 do obr\u00e1zkov\u00e9ho slovn\u00edka spolu s QR k\u00f3dom<\/strong>, ktor\u00fd odkazuje na n\u00e1\u0161 youtube kan\u00e1l pre n\u00e1cvik v\u00fdslovnosti.<\/p>\n<p><span style=\"color: #339966;\"><strong>Okrem portf\u00f3lia z\u00e1kazn\u00edk dostane:<\/strong><\/span><\/p>\n<ul>\n<li>Pexeso v 2 leveloch (PDF na stiahnutie)<\/li>\n<li>Pr\u00edstup k interakt\u00edvnym hr\u00e1m k slovnej z\u00e1sobe<\/li>\n<li>Aktivitu na rozvoj po\u010d\u00favania s porozumen\u00edm a gramatick\u00fa propedeutiku (PDF na stiahnutie)<\/li>\n<li>Metodick\u00e9 usmernenia (PDF na stiahnutie)<\/li>\n<\/ul>\n<p>&nbsp;<\/p>\n","protected":false},"featured_media":8867,"template":"","meta":[],"product_brand":[],"product_cat":[119,51],"product_tag":[],"class_list":{"0":"post-8866","1":"product","2":"type-product","3":"status-publish","4":"has-post-thumbnail","6":"product_cat-motivacne-pribehy-portfolio","7":"product_cat-rozne","9":"first","10":"instock","11":"downloadable","12":"shipping-taxable","13":"purchasable","14":"product-type-simple"},"wcpa_form_fields":null,"_links":{"self":[{"href":"https:\/\/www.funtasyenglish.com\/wp-json\/wp\/v2\/product\/8866","targetHints":{"allow":["GET"]}}],"collection":[{"href":"https:\/\/www.funtasyenglish.com\/wp-json\/wp\/v2\/product"}],"about":[{"href":"https:\/\/www.funtasyenglish.com\/wp-json\/wp\/v2\/types\/product"}],"version-history":[{"count":6,"href":"https:\/\/www.funtasyenglish.com\/wp-json\/wp\/v2\/product\/8866\/revisions"}],"predecessor-version":[{"id":17350,"href":"https:\/\/www.funtasyenglish.com\/wp-json\/wp\/v2\/product\/8866\/revisions\/17350"}],"wp:featuredmedia":[{"embeddable":true,"href":"https:\/\/www.funtasyenglish.com\/wp-json\/wp\/v2\/media\/8867"}],"wp:attachment":[{"href":"https:\/\/www.funtasyenglish.com\/wp-json\/wp\/v2\/media?parent=8866"}],"wp:term":[{"taxonomy":"product_brand","embeddable":true,"href":"https:\/\/www.funtasyenglish.com\/wp-json\/wp\/v2\/product_brand?post=8866"},{"taxonomy":"product_cat","embeddable":true,"href":"https:\/\/www.funtasyenglish.com\/wp-json\/wp\/v2\/product_cat?post=8866"},{"taxonomy":"product_tag","embeddable":true,"href":"https:\/\/www.funtasyenglish.com\/wp-json\/wp\/v2\/product_tag?post=8866"}],"curies":[{"name":"wp","href":"https:\/\/api.w.org\/{rel}","templated":true}]}}