{"id":8589,"date":"2023-08-22T16:30:32","date_gmt":"2023-08-22T14:30:32","guid":{"rendered":"https:\/\/www.funtasyenglish.com\/?post_type=product&#038;p=8589"},"modified":"2025-05-03T12:46:15","modified_gmt":"2025-05-03T10:46:15","slug":"tricko-shamrock","status":"publish","type":"product","link":"https:\/\/www.funtasyenglish.com\/produkt\/tricko-shamrock\/","title":{"rendered":"Biele tri\u010dko s potla\u010dou \u0161kriatka (r\u00f4zne varianty)"},"content":{"rendered":"<p>K\u00fapou tohto produktu podpor\u00edte <a href=\"https:\/\/youtu.be\/yJDZNnvWGE8\">OZ Domov je pr\u00edstav.<\/a><\/p>\n<p>OZ DJP podporuje v\u00fdchovno-vzdel\u00e1vacie aktivity det\u00ed zo soci\u00e1lne slab\u00fdch rod\u00edn. Deti podporujeme platen\u00edm kr\u00fa\u017ekov, \u0161kolsk\u00fdch a vzdel\u00e1vac\u00edch pom\u00f4cok, t\u00e1borov a stredo\u0161kol\u00e1kom prispievame na \u0161kolsk\u00e9 obedy a stu\u017ekov\u00fa. Okrem toho pripravujeme ka\u017edoro\u010dne viano\u010dn\u00e9 bal\u00ed\u010dky, ktor\u00e9 obsahuj\u00fa n\u00e1kupn\u00fa pouk\u00e1\u017eku na n\u00e1kup potrav\u00edn, vitam\u00edny a lieky a oble\u010denie.<\/p>\n<p>&nbsp;<\/p>\n","protected":false},"excerpt":{"rendered":"<p><span id=\"E368\">Biele tri\u010dko s potla\u010dou \u0161kriatka pre 8-9 ro\u010dn\u00e9 deti. M\u00f4\u017ee sl\u00fa\u017ei\u0165 pre die\u0165a ako odmena \u010di motiv\u00e1cia v u\u010den\u00ed sa angli\u010dtiny.\u00a0 <\/span><\/p>\n<p>Materi\u00e1l: 100% bavlna<\/p>\n<ul>\n<li><span id=\"E372\">V<\/span><span id=\"E374\">\u00fd\u0161ka postavy: 140<\/span><span id=\"E376\"> \u2013 150cm<\/span><\/li>\n<li><span id=\"E376\">Tri\u010dko: d\u013a\u017eka \u2013 59<\/span><span id=\"E378\">cm,\u00a0<\/span><span id=\"E379\">\u0161\u00edrka (<\/span><span id=\"E380\">hru\u010f<\/span><span id=\"E381\">) \u2013 86cm<\/span><\/li>\n<\/ul>\n<p>K\u00fapou tohto produktu podpor\u00edte <a href=\"https:\/\/youtu.be\/yJDZNnvWGE8\">OZ Domov je pr\u00edstav.<\/a><\/p>\n","protected":false},"featured_media":8580,"template":"","meta":[],"product_brand":[],"product_cat":[57],"product_tag":[],"class_list":{"0":"post-8589","1":"product","2":"type-product","3":"status-publish","4":"has-post-thumbnail","6":"product_cat-oblecenie","8":"first","9":"instock","10":"shipping-taxable","11":"purchasable","12":"product-type-variable"},"wcpa_form_fields":null,"_links":{"self":[{"href":"https:\/\/www.funtasyenglish.com\/wp-json\/wp\/v2\/product\/8589","targetHints":{"allow":["GET"]}}],"collection":[{"href":"https:\/\/www.funtasyenglish.com\/wp-json\/wp\/v2\/product"}],"about":[{"href":"https:\/\/www.funtasyenglish.com\/wp-json\/wp\/v2\/types\/product"}],"version-history":[{"count":6,"href":"https:\/\/www.funtasyenglish.com\/wp-json\/wp\/v2\/product\/8589\/revisions"}],"predecessor-version":[{"id":12818,"href":"https:\/\/www.funtasyenglish.com\/wp-json\/wp\/v2\/product\/8589\/revisions\/12818"}],"wp:featuredmedia":[{"embeddable":true,"href":"https:\/\/www.funtasyenglish.com\/wp-json\/wp\/v2\/media\/8580"}],"wp:attachment":[{"href":"https:\/\/www.funtasyenglish.com\/wp-json\/wp\/v2\/media?parent=8589"}],"wp:term":[{"taxonomy":"product_brand","embeddable":true,"href":"https:\/\/www.funtasyenglish.com\/wp-json\/wp\/v2\/product_brand?post=8589"},{"taxonomy":"product_cat","embeddable":true,"href":"https:\/\/www.funtasyenglish.com\/wp-json\/wp\/v2\/product_cat?post=8589"},{"taxonomy":"product_tag","embeddable":true,"href":"https:\/\/www.funtasyenglish.com\/wp-json\/wp\/v2\/product_tag?post=8589"}],"curies":[{"name":"wp","href":"https:\/\/api.w.org\/{rel}","templated":true}]}}