{"id":8542,"date":"2023-07-29T10:28:59","date_gmt":"2023-07-29T08:28:59","guid":{"rendered":"https:\/\/www.funtasyenglish.com\/?post_type=product&#038;p=8542"},"modified":"2025-05-04T17:22:08","modified_gmt":"2025-05-04T15:22:08","slug":"pera-so-skriatkami-a-textom","status":"publish","type":"product","link":"https:\/\/www.funtasyenglish.com\/produkt\/pera-so-skriatkami-a-textom\/","title":{"rendered":"Per\u00e1 so \u0161kriatkami a textom"},"content":{"rendered":"","protected":false},"excerpt":{"rendered":"<p><span id=\"E434\">Pero so \u0161kriatkom a textom popisuj\u00facim ich vlastnos\u0165 je <\/span><span id=\"E435\">vo farb\u00e1ch loga. Per\u00e1 maj\u00fa \u010diernu tuhu. S\u00fa skvel\u00fdm dar\u010dekom pre deti ako odmena za plnenie \u00faloh \u010di u\u017e doma, po\u010das vyu\u010dovania alebo v \u0161kolskom klube. <\/span><span id=\"E436\">M\u00f4\u017eu by\u0165 i s\u00fa\u010das\u0165ou hodnotiace syst\u00e9mu na hodin\u00e1ch angli\u010dtiny<\/span><span id=\"E437\"> <\/span><span id=\"E438\">pre deti, ktor\u00e9 sa usilovne sna\u017eia zachr\u00e1ni\u0165 <\/span><a href=\"https:\/\/www.funtasyenglish.com\/funtasy-english-land\/\"><span id=\"E439\">Funtasy English land.<\/span><\/a><span id=\"E440\"> <\/span><\/p>\n<p>Ako fungoval hodnotiaci syst\u00e9m Funtasy English v \u0160KD na Z\u0160 Matky Alexie v 2. B, sa dozviete vo <a href=\"https:\/\/fb.watch\/m4zekp-lpH\/\">videu<\/a>.<\/p>\n<p>K\u00fapou tohto produktu podpor\u00edte <a href=\"https:\/\/youtu.be\/yJDZNnvWGE8\">OZ Domov je pr\u00edstav.<\/a><\/p>\n","protected":false},"featured_media":8547,"template":"","meta":[],"product_brand":[],"product_cat":[51],"product_tag":[],"class_list":{"0":"post-8542","1":"product","2":"type-product","3":"status-publish","4":"has-post-thumbnail","6":"product_cat-rozne","7":"pa_farba-cervena","8":"pa_farba-fialova","9":"pa_farba-zelena","10":"pa_farba-zlta","11":"pa_farba-slivkovo-modra","13":"first","14":"instock","15":"shipping-taxable","16":"purchasable","17":"product-type-variable","18":"nyp-product"},"wcpa_form_fields":null,"_links":{"self":[{"href":"https:\/\/www.funtasyenglish.com\/wp-json\/wp\/v2\/product\/8542","targetHints":{"allow":["GET"]}}],"collection":[{"href":"https:\/\/www.funtasyenglish.com\/wp-json\/wp\/v2\/product"}],"about":[{"href":"https:\/\/www.funtasyenglish.com\/wp-json\/wp\/v2\/types\/product"}],"version-history":[{"count":6,"href":"https:\/\/www.funtasyenglish.com\/wp-json\/wp\/v2\/product\/8542\/revisions"}],"predecessor-version":[{"id":12895,"href":"https:\/\/www.funtasyenglish.com\/wp-json\/wp\/v2\/product\/8542\/revisions\/12895"}],"wp:featuredmedia":[{"embeddable":true,"href":"https:\/\/www.funtasyenglish.com\/wp-json\/wp\/v2\/media\/8547"}],"wp:attachment":[{"href":"https:\/\/www.funtasyenglish.com\/wp-json\/wp\/v2\/media?parent=8542"}],"wp:term":[{"taxonomy":"product_brand","embeddable":true,"href":"https:\/\/www.funtasyenglish.com\/wp-json\/wp\/v2\/product_brand?post=8542"},{"taxonomy":"product_cat","embeddable":true,"href":"https:\/\/www.funtasyenglish.com\/wp-json\/wp\/v2\/product_cat?post=8542"},{"taxonomy":"product_tag","embeddable":true,"href":"https:\/\/www.funtasyenglish.com\/wp-json\/wp\/v2\/product_tag?post=8542"}],"curies":[{"name":"wp","href":"https:\/\/api.w.org\/{rel}","templated":true}]}}