{"id":6857,"date":"2023-01-31T14:06:45","date_gmt":"2023-01-31T13:06:45","guid":{"rendered":"https:\/\/www.funtasyenglish.com\/?post_type=product&#038;p=6857"},"modified":"2026-04-10T09:55:48","modified_gmt":"2026-04-10T07:55:48","slug":"mega-fungames-pack-level-1-rr","status":"publish","type":"product","link":"https:\/\/www.funtasyenglish.com\/produkt\/mega-fungames-pack-level-1-rr\/","title":{"rendered":"Mega Fun&#038;Games pack LEVEL 1 (1A +1B)"},"content":{"rendered":"","protected":false},"excerpt":{"rendered":"<h3>Mega Fun&amp;Games pack Level 1 obsahuje:<\/h3>\n<ul>\n<li>Portf\u00f3lio k Motiva\u010dn\u00e9mu pr\u00edbehu 1 (16 str\u00e1n pr\u00edbeh v oboch jazykoch a kreat\u00edvne \u00falohy)<\/li>\n<li>Stolov\u00e9 a kartov\u00e9 hry k t\u00e9mam 1A + 1B (27 ks)<\/li>\n<li>Playground app (1A + 1B): V aplik\u00e1cii Playground n\u00e1jdete 10 n\u00e1zorn\u00fdch klipov, 10 piesn\u00ed v 3 verzi\u00e1ch, v\u00fdslovnos\u0165 s 282 slovami a fr\u00e1zami nahovoren\u00fa native speakrom, 167 interakt\u00edvnych hier, 25 str\u00e1n Art&amp;Craft portf\u00f3lia v pdf na vytla\u010denie a videon\u00e1vody a n\u00e1vody v pfd k stolov\u00fdcm a kartov\u00fdm hr\u00e1m.<\/li>\n<\/ul>\n<p>&nbsp;<\/p>\n<p><em>Rados\u0165 z u\u010denia angli\u010dtiny a kopec z\u00e1bavy v kruhu kamar\u00e1tov a rodiny.<\/em><\/p>\n<p>V\u010faka k\u00fape Mega Fun&amp;Games pack\u00a0z\u00edskavate tieto <strong>BONUSY zdarma<\/strong>:<\/p>\n<ul>\n<li>Online 30-min\u00fatov\u00e1 konzult\u00e1cia,<\/li>\n<li>Online testovanie po absolvovan\u00ed jednotliv\u00fdch levelov.<\/li>\n<\/ul>\n<p>V pr\u00edpade oboch bonusov n\u00e1s kontaktujte na info@funtasyenglish.com.<\/p>\n","protected":false},"featured_media":15428,"template":"","meta":[],"product_brand":[],"product_cat":[66,46,63],"product_tag":[],"class_list":{"0":"post-6857","1":"product","2":"type-product","3":"status-publish","4":"has-post-thumbnail","6":"product_cat-zlavy","7":"product_cat-fungames-pack","8":"product_cat-pre-rodicov","10":"first","11":"instock","12":"shipping-taxable","13":"purchasable","14":"product-type-simple"},"wcpa_form_fields":null,"_links":{"self":[{"href":"https:\/\/www.funtasyenglish.com\/wp-json\/wp\/v2\/product\/6857","targetHints":{"allow":["GET"]}}],"collection":[{"href":"https:\/\/www.funtasyenglish.com\/wp-json\/wp\/v2\/product"}],"about":[{"href":"https:\/\/www.funtasyenglish.com\/wp-json\/wp\/v2\/types\/product"}],"version-history":[{"count":6,"href":"https:\/\/www.funtasyenglish.com\/wp-json\/wp\/v2\/product\/6857\/revisions"}],"predecessor-version":[{"id":17641,"href":"https:\/\/www.funtasyenglish.com\/wp-json\/wp\/v2\/product\/6857\/revisions\/17641"}],"wp:featuredmedia":[{"embeddable":true,"href":"https:\/\/www.funtasyenglish.com\/wp-json\/wp\/v2\/media\/15428"}],"wp:attachment":[{"href":"https:\/\/www.funtasyenglish.com\/wp-json\/wp\/v2\/media?parent=6857"}],"wp:term":[{"taxonomy":"product_brand","embeddable":true,"href":"https:\/\/www.funtasyenglish.com\/wp-json\/wp\/v2\/product_brand?post=6857"},{"taxonomy":"product_cat","embeddable":true,"href":"https:\/\/www.funtasyenglish.com\/wp-json\/wp\/v2\/product_cat?post=6857"},{"taxonomy":"product_tag","embeddable":true,"href":"https:\/\/www.funtasyenglish.com\/wp-json\/wp\/v2\/product_tag?post=6857"}],"curies":[{"name":"wp","href":"https:\/\/api.w.org\/{rel}","templated":true}]}}