{"id":6291,"date":"2022-12-12T20:13:46","date_gmt":"2022-12-12T19:13:46","guid":{"rendered":"https:\/\/www.funtasyenglish.com\/?post_type=product&#038;p=6291"},"modified":"2026-03-04T12:13:07","modified_gmt":"2026-03-04T11:13:07","slug":"fungames-pack-1a-pre-rr","status":"publish","type":"product","link":"https:\/\/www.funtasyenglish.com\/produkt\/fungames-pack-1a-pre-rr\/","title":{"rendered":"Fun&#038;Games pack 1A"},"content":{"rendered":"\t\t<div data-elementor-type=\"product-post\" data-elementor-id=\"6291\" class=\"elementor elementor-6291\">\n\t\t\t\t\t\t\t        <section class=\"elementor-section elementor-top-section elementor-element elementor-element-16c65444 elementor-section-boxed elementor-section-height-default elementor-section-height-default\" data-id=\"16c65444\" data-element_type=\"section\" id=\"viac\">\n\t\t\n\t\t        <div class=\"elementor-container elementor-column-gap-default \" >\n\t\t        <div class=\"elementor-column elementor-col-100 elementor-top-column elementor-element elementor-element-4388320a\" data-id=\"4388320a\" data-element_type=\"column\">\n        <div class=\"elementor-widget-wrap elementor-element-populated\">\n                        \t\t<div class=\"elementor-element elementor-element-1c2b8c3e elementor-widget elementor-widget-text-editor\" data-id=\"1c2b8c3e\" data-element_type=\"widget\" data-widget_type=\"text-editor.default\">\n\t\t\t\t<div class=\"elementor-widget-container\">\n\t\t\t<style>\/*! elementor - v3.8.1 - 13-11-2022 *\/\n.elementor-widget-text-editor.elementor-drop-cap-view-stacked .elementor-drop-cap{background-color:#818a91;color:#fff}.elementor-widget-text-editor.elementor-drop-cap-view-framed .elementor-drop-cap{color:#818a91;border:3px solid;background-color:transparent}.elementor-widget-text-editor:not(.elementor-drop-cap-view-default) .elementor-drop-cap{margin-top:8px}.elementor-widget-text-editor:not(.elementor-drop-cap-view-default) .elementor-drop-cap-letter{width:1em;height:1em}.elementor-widget-text-editor .elementor-drop-cap{float:left;text-align:center;line-height:1;font-size:50px}.elementor-widget-text-editor .elementor-drop-cap-letter{display:inline-block}<\/style>\t\t\t\t<p>Na stolov\u00e9 a kartov\u00e9 hry je nanesen\u00e1 vrstva \u0161peci\u00e1lnej f\u00f3lie (lamino) pre ich vy\u0161\u0161iu pevnos\u0165 a mechanick\u00fa odolnos\u0165. Hr\u00fabka papiera v\u0161etk\u00fdch tla\u010dov\u00edn je 300mg, \u010do zabezpe\u010duje komfort pri pou\u017e\u00edvan\u00ed.<\/p><p>K\u00fapou na\u0161ich produktov podporujete \u010fal\u0161\u00ed v\u00fdvoj piesn\u00ed, hier a in\u00fdch didaktick\u00fdch materi\u00e1lov na vyu\u010dovanie angli\u010dtiny doma i v \u0161kole. \u010eakujeme, \u017ee s nimi budete nar\u00e1ba\u0165 s \u00factou vo\u010di autorom <a href=\"https:\/\/funtasyenglish.com\/#zak\">re\u0161pektovan\u00edm autorsk\u00fdch pr\u00e1v a autorsk\u00e9ho z\u00e1kona.<\/a><\/p><p>Ale tie\u017e prispejete OZ Domov je pr\u00edstav, ktor\u00e9 podporuje rozvoj talentov det\u00ed zo soci\u00e1lne slab\u00fdch rod\u00edn.<\/p>\t\t\t\t\t\t<\/div>\n\t\t\t\t<\/div>\n\t\t        <\/div>\n        <\/div>\n        \t\t        <\/div>\n        <\/section>\n\t\t\t\t\t\t\t<\/div>\n\t\t","protected":false},"excerpt":{"rendered":"<h5>Fun&amp;Games pack 1A<\/h5>\n<ul>\n<li>Portf\u00f3lio k Motiva\u010dn\u00e9mu pr\u00edbehu 1 (16 str\u00e1n pr\u00edbeh v oboch jazykoch a kreat\u00edvne \u00falohy)<\/li>\n<li>Stolov\u00e9 a kartov\u00e9 hry k t\u00e9mam 1A<\/li>\n<li>Playground app 1A<\/li>\n<\/ul>\n<p><strong>obsahuje t\u00fato slovn\u00fa z\u00e1sobu a gramatiku:<\/strong><\/p>\n<ul>\n<li>Colours (red, blue, yellow, green, brow, black, white, violet, orange, grey)<\/li>\n<li>Articles a\/an\/the (\u010dleny)<\/li>\n<li>Word order; adjective \u2013 noun (slovosled slovn\u00fdch spojen\u00ed pr\u00edd. a pods. meno)<\/li>\n<li>Wh-questions: What colour is&#8230;?, What is&#8230;? (opytovacie z\u00e1men\u00e1)<\/li>\n<li>Numbers 1 \u2013 10<\/li>\n<li>Addition (s\u010d\u00edtanie do 10)<\/li>\n<li>Verb to be: I am\/I\u00b4m &#8230; (sloveso by\u0165 v 1. osobe)<\/li>\n<li>Wh-question: How old are you? (opytovacie z\u00e1meno)<\/li>\n<li>Thank you! (po\u010fakovanie)<\/li>\n<li>Animals on the farm (dog, cat, horse, cow, mouse, chick, duck, sheep)<\/li>\n<li>Indefinite article a (neur\u010dit\u00fd \u010dlen a)<\/li>\n<li>Wh-question: Who goes &#8230; (opytovacie z\u00e1meno)<\/li>\n<li>The third person: goes (tretia osoba)<\/li>\n<li>Demonstrative pronoun: These (ukazovacie z\u00e1meno)<\/li>\n<li>Sloveso to have got v ot\u00e1zke, kladnej a z\u00e1pornej odpovedi<\/li>\n<\/ul>\n<p><strong>Viac info v popise. <a href=\"#viac\">(viac)<\/a><\/strong><\/p>\n<h5><!--more--><\/h5>\n","protected":false},"featured_media":15229,"template":"","meta":[],"product_brand":[],"product_cat":[46,63],"product_tag":[],"class_list":{"0":"post-6291","1":"product","2":"type-product","3":"status-publish","4":"has-post-thumbnail","6":"product_cat-fungames-pack","7":"product_cat-pre-rodicov","9":"first","10":"instock","11":"shipping-taxable","12":"purchasable","13":"product-type-woosb"},"wcpa_form_fields":null,"_links":{"self":[{"href":"https:\/\/www.funtasyenglish.com\/wp-json\/wp\/v2\/product\/6291","targetHints":{"allow":["GET"]}}],"collection":[{"href":"https:\/\/www.funtasyenglish.com\/wp-json\/wp\/v2\/product"}],"about":[{"href":"https:\/\/www.funtasyenglish.com\/wp-json\/wp\/v2\/types\/product"}],"version-history":[{"count":6,"href":"https:\/\/www.funtasyenglish.com\/wp-json\/wp\/v2\/product\/6291\/revisions"}],"predecessor-version":[{"id":16530,"href":"https:\/\/www.funtasyenglish.com\/wp-json\/wp\/v2\/product\/6291\/revisions\/16530"}],"wp:featuredmedia":[{"embeddable":true,"href":"https:\/\/www.funtasyenglish.com\/wp-json\/wp\/v2\/media\/15229"}],"wp:attachment":[{"href":"https:\/\/www.funtasyenglish.com\/wp-json\/wp\/v2\/media?parent=6291"}],"wp:term":[{"taxonomy":"product_brand","embeddable":true,"href":"https:\/\/www.funtasyenglish.com\/wp-json\/wp\/v2\/product_brand?post=6291"},{"taxonomy":"product_cat","embeddable":true,"href":"https:\/\/www.funtasyenglish.com\/wp-json\/wp\/v2\/product_cat?post=6291"},{"taxonomy":"product_tag","embeddable":true,"href":"https:\/\/www.funtasyenglish.com\/wp-json\/wp\/v2\/product_tag?post=6291"}],"curies":[{"name":"wp","href":"https:\/\/api.w.org\/{rel}","templated":true}]}}