{"id":4751,"date":"2022-11-19T21:21:25","date_gmt":"2022-11-19T20:21:25","guid":{"rendered":"https:\/\/www.funtasyenglish.com\/produkt\/domino-numbers\/"},"modified":"2026-01-06T12:34:19","modified_gmt":"2026-01-06T11:34:19","slug":"domino-numbers","status":"publish","type":"product","link":"https:\/\/www.funtasyenglish.com\/produkt\/domino-numbers\/","title":{"rendered":"Domino (55 karti\u010diek, 96x48mm)"},"content":{"rendered":"<h3>Hra je zameran\u00e1 na:<\/h3>\n<ol>\n<li>Wh-Q: How<\/li>\n<li>Numbers 1-10<\/li>\n<li>How old are you?<\/li>\n<li>Addition + =<\/li>\n<li>Even and odd number<\/li>\n<\/ol>\n","protected":false},"excerpt":{"rendered":"<h3>Domino (Numbers)<\/h3>\n<p>Kartov\u00e1 hra pozost\u00e1va z 55 karti\u010diek v rozmere 96x48mm. Na 300g papier je nanesen\u00e1 vrstva \u0161peci\u00e1lnej f\u00f3lie (lamino) pre ich vy\u0161\u0161iu pevnos\u0165 a mechanick\u00fa odolnos\u0165. N\u00e1vod na hru si m\u00f4\u017eete stiahnu\u0165 vo va\u0161om u\u017e\u00edvate\u013eskom konte po zak\u00fapen\u00ed produktu.<\/p>\n<p><strong>V\u0161etky na\u0161e hry rozv\u00edjaj\u00fa komunika\u010dn\u00e9 zru\u010dnosti det\u00ed a vyz\u00fdvaj\u00fa ich produkova\u0165 slov\u00e1 a fr\u00e1zy z prisl\u00fachaj\u00facej piesne.\u00a0<\/strong><\/p>\n<p>K\u00fapou tohto produktu podporujete \u010fal\u0161\u00ed v\u00fdvoj piesn\u00ed, hier a in\u00fdch didaktick\u00fdch materi\u00e1lov na vyu\u010dovanie angli\u010dtiny doma i v \u0161kole. \u010eakujeme, \u017ee s nimi budete nar\u00e1ba\u0165 s \u00factou vo\u010di autorom <a href=\"https:\/\/www.funtasyenglish.com\/autorske-prava\/\">re\u0161pektovan\u00edm autorsk\u00fdch pr\u00e1v a autorsk\u00e9ho z\u00e1kona.<\/a><\/p>\n<p>&nbsp;<\/p>\n","protected":false},"featured_media":6405,"template":"","meta":[],"product_brand":[],"product_cat":[108],"product_tag":[],"class_list":{"0":"post-4751","1":"product","2":"type-product","3":"status-publish","4":"has-post-thumbnail","6":"product_cat-numbers-samostatne-hry-podla-tem","8":"first","9":"instock","10":"shipping-taxable","11":"purchasable","12":"product-type-simple"},"wcpa_form_fields":null,"_links":{"self":[{"href":"https:\/\/www.funtasyenglish.com\/wp-json\/wp\/v2\/product\/4751","targetHints":{"allow":["GET"]}}],"collection":[{"href":"https:\/\/www.funtasyenglish.com\/wp-json\/wp\/v2\/product"}],"about":[{"href":"https:\/\/www.funtasyenglish.com\/wp-json\/wp\/v2\/types\/product"}],"version-history":[{"count":2,"href":"https:\/\/www.funtasyenglish.com\/wp-json\/wp\/v2\/product\/4751\/revisions"}],"predecessor-version":[{"id":11273,"href":"https:\/\/www.funtasyenglish.com\/wp-json\/wp\/v2\/product\/4751\/revisions\/11273"}],"wp:featuredmedia":[{"embeddable":true,"href":"https:\/\/www.funtasyenglish.com\/wp-json\/wp\/v2\/media\/6405"}],"wp:attachment":[{"href":"https:\/\/www.funtasyenglish.com\/wp-json\/wp\/v2\/media?parent=4751"}],"wp:term":[{"taxonomy":"product_brand","embeddable":true,"href":"https:\/\/www.funtasyenglish.com\/wp-json\/wp\/v2\/product_brand?post=4751"},{"taxonomy":"product_cat","embeddable":true,"href":"https:\/\/www.funtasyenglish.com\/wp-json\/wp\/v2\/product_cat?post=4751"},{"taxonomy":"product_tag","embeddable":true,"href":"https:\/\/www.funtasyenglish.com\/wp-json\/wp\/v2\/product_tag?post=4751"}],"curies":[{"name":"wp","href":"https:\/\/api.w.org\/{rel}","templated":true}]}}