{"id":4707,"date":"2022-10-02T21:00:51","date_gmt":"2022-10-02T19:00:51","guid":{"rendered":"https:\/\/www.funtasyenglish.com\/produkt\/have-you-got\/"},"modified":"2026-01-06T12:35:32","modified_gmt":"2026-01-06T11:35:32","slug":"have-you-got","status":"publish","type":"product","link":"https:\/\/www.funtasyenglish.com\/produkt\/have-you-got\/","title":{"rendered":"Have you got? (8ks)"},"content":{"rendered":"","protected":false},"excerpt":{"rendered":"<h3>Obr\u00e1zkov\u00e9 karty (Have you got?)<\/h3>\n<p>Obr\u00e1zkov\u00e9 karty (8ks) vo form\u00e1te A5 s\u00fa potla\u010den\u00e9 na 300g papier.<\/p>\n<p><strong>Zapojenie viacer\u00fdch zmyslov a zru\u010dnost\u00ed (listening, speaking, reading) u\u013eah\u010duje u\u010denie a podporuje dlhodob\u00e9 zapam\u00e4tanie si slovnej z\u00e1soby.\u00a0<\/strong><\/p>\n<p>K\u00fapou tohto produktu podporujete \u010fal\u0161\u00ed v\u00fdvoj piesn\u00ed, hier a in\u00fdch didaktick\u00fdch materi\u00e1lov na vyu\u010dovanie angli\u010dtiny doma i v \u0161kole. \u010eakujeme, \u017ee s nimi budete nar\u00e1ba\u0165 s \u00factou vo\u010di autorom <a href=\"https:\/\/www.funtasyenglish.com\/autorske-prava\/\">re\u0161pektovan\u00edm autorsk\u00fdch pr\u00e1v a autorsk\u00e9ho z\u00e1kona.<\/a><\/p>\n","protected":false},"featured_media":15972,"template":"","meta":[],"product_brand":[],"product_cat":[118],"product_tag":[],"class_list":{"0":"post-4707","1":"product","2":"type-product","3":"status-publish","4":"has-post-thumbnail","6":"product_cat-obrazkove-karty","8":"first","9":"instock","10":"shipping-taxable","11":"purchasable","12":"product-type-simple"},"wcpa_form_fields":null,"_links":{"self":[{"href":"https:\/\/www.funtasyenglish.com\/wp-json\/wp\/v2\/product\/4707","targetHints":{"allow":["GET"]}}],"collection":[{"href":"https:\/\/www.funtasyenglish.com\/wp-json\/wp\/v2\/product"}],"about":[{"href":"https:\/\/www.funtasyenglish.com\/wp-json\/wp\/v2\/types\/product"}],"version-history":[{"count":4,"href":"https:\/\/www.funtasyenglish.com\/wp-json\/wp\/v2\/product\/4707\/revisions"}],"predecessor-version":[{"id":14802,"href":"https:\/\/www.funtasyenglish.com\/wp-json\/wp\/v2\/product\/4707\/revisions\/14802"}],"wp:featuredmedia":[{"embeddable":true,"href":"https:\/\/www.funtasyenglish.com\/wp-json\/wp\/v2\/media\/15972"}],"wp:attachment":[{"href":"https:\/\/www.funtasyenglish.com\/wp-json\/wp\/v2\/media?parent=4707"}],"wp:term":[{"taxonomy":"product_brand","embeddable":true,"href":"https:\/\/www.funtasyenglish.com\/wp-json\/wp\/v2\/product_brand?post=4707"},{"taxonomy":"product_cat","embeddable":true,"href":"https:\/\/www.funtasyenglish.com\/wp-json\/wp\/v2\/product_cat?post=4707"},{"taxonomy":"product_tag","embeddable":true,"href":"https:\/\/www.funtasyenglish.com\/wp-json\/wp\/v2\/product_tag?post=4707"}],"curies":[{"name":"wp","href":"https:\/\/api.w.org\/{rel}","templated":true}]}}