{"id":4698,"date":"2022-09-17T19:04:50","date_gmt":"2022-09-17T17:04:50","guid":{"rendered":"https:\/\/www.funtasyenglish.com\/produkt\/funtasy-english-quiz\/"},"modified":"2023-09-11T15:17:50","modified_gmt":"2023-09-11T13:17:50","slug":"funtasy-english-quiz","status":"publish","type":"product","link":"https:\/\/www.funtasyenglish.com\/produkt\/funtasy-english-quiz\/","title":{"rendered":"Funtasy English Course"},"content":{"rendered":"","protected":false},"excerpt":{"rendered":"<p>Z\u00e1\u017eitkov\u00e9 vyu\u010dovanie angli\u010dtiny hravou formou, po\u010das ktor\u00e9ho budeme ve\u013ea spieva\u0165, hra\u0165 sa r\u00f4znorod\u00e9 pohybov\u00e9 hry, zlep\u0161ova\u0165 komunik\u00e1ciu pou\u017eit\u00edm interakt\u00edvnych, stolov\u00fdch a kartov\u00fdch hier.<\/p>\n<p>Jazykov\u00fd kurz pre \u017eiakov 1. alebo 2. ro\u010dn\u00edka trvaj\u00faci od septembra do j\u00fana rozdelen\u00fd do dvoch semestrov.<br \/>\nIntenzita: 2&#215;45 min\u00fat t\u00fd\u017edenne<br \/>\nPo\u010det \u017eiakov v skupine: max.12<br \/>\nU\u010debn\u00e9 materi\u00e1ly a mnoho in\u00e9ho: v cene kurzu<br \/>\nPrihlasovanie: online formul\u00e1rom<br \/>\nCena: 245\u20ac\/semester<\/p>\n","protected":false},"featured_media":4979,"template":"","meta":[],"product_brand":[],"product_cat":[66],"product_tag":[],"class_list":{"0":"post-4698","1":"product","2":"type-product","3":"status-publish","4":"has-post-thumbnail","6":"product_cat-zlavy","8":"first","9":"instock","10":"shipping-taxable","11":"product-type-simple"},"wcpa_form_fields":null,"_links":{"self":[{"href":"https:\/\/www.funtasyenglish.com\/wp-json\/wp\/v2\/product\/4698","targetHints":{"allow":["GET"]}}],"collection":[{"href":"https:\/\/www.funtasyenglish.com\/wp-json\/wp\/v2\/product"}],"about":[{"href":"https:\/\/www.funtasyenglish.com\/wp-json\/wp\/v2\/types\/product"}],"version-history":[{"count":1,"href":"https:\/\/www.funtasyenglish.com\/wp-json\/wp\/v2\/product\/4698\/revisions"}],"predecessor-version":[{"id":8915,"href":"https:\/\/www.funtasyenglish.com\/wp-json\/wp\/v2\/product\/4698\/revisions\/8915"}],"wp:featuredmedia":[{"embeddable":true,"href":"https:\/\/www.funtasyenglish.com\/wp-json\/wp\/v2\/media\/4979"}],"wp:attachment":[{"href":"https:\/\/www.funtasyenglish.com\/wp-json\/wp\/v2\/media?parent=4698"}],"wp:term":[{"taxonomy":"product_brand","embeddable":true,"href":"https:\/\/www.funtasyenglish.com\/wp-json\/wp\/v2\/product_brand?post=4698"},{"taxonomy":"product_cat","embeddable":true,"href":"https:\/\/www.funtasyenglish.com\/wp-json\/wp\/v2\/product_cat?post=4698"},{"taxonomy":"product_tag","embeddable":true,"href":"https:\/\/www.funtasyenglish.com\/wp-json\/wp\/v2\/product_tag?post=4698"}],"curies":[{"name":"wp","href":"https:\/\/api.w.org\/{rel}","templated":true}]}}