{"id":4663,"date":"2022-09-07T20:28:35","date_gmt":"2022-09-07T18:28:35","guid":{"rendered":"https:\/\/www.funtasyenglish.com\/produkt\/rosie-be-kind-siltovka\/"},"modified":"2026-02-05T18:42:42","modified_gmt":"2026-02-05T17:42:42","slug":"rosie-be-kind-siltovka","status":"publish","type":"product","link":"https:\/\/www.funtasyenglish.com\/produkt\/rosie-be-kind-siltovka\/","title":{"rendered":"\u0160iltovka s potla\u010dou \u0161kriatka a n\u00e1pisom (r\u00f4zne varianty)"},"content":{"rendered":"","protected":false},"excerpt":{"rendered":"<p>Detsk\u00e1 \u0161iltovka s\u00a0obvodom 48 \u2013 52 cm, nastavite\u013en\u00e1 pod\u013ea potreby. S\u00fdte farby a\u00a0obr\u00e1zok \u0161kriatka s\u00a0n\u00e1pisom ur\u010dite up\u00fataj\u00fa pozornos\u0165. Je ve\u013emi vzdu\u0161n\u00e1 a\u00a0\u013eahk\u00e1, vhodn\u00e1 na hor\u00face letn\u00e9 i\u00a0jesenn\u00e9 a\u00a0jarn\u00e9 slne\u010dn\u00e9 dni.<\/p>\n","protected":false},"featured_media":4664,"template":"","meta":[],"product_brand":[],"product_cat":[57],"product_tag":[],"class_list":{"0":"post-4663","1":"product","2":"type-product","3":"status-publish","4":"has-post-thumbnail","6":"product_cat-oblecenie","8":"first","9":"instock","10":"shipping-taxable","11":"purchasable","12":"product-type-variable"},"wcpa_form_fields":null,"_links":{"self":[{"href":"https:\/\/www.funtasyenglish.com\/wp-json\/wp\/v2\/product\/4663","targetHints":{"allow":["GET"]}}],"collection":[{"href":"https:\/\/www.funtasyenglish.com\/wp-json\/wp\/v2\/product"}],"about":[{"href":"https:\/\/www.funtasyenglish.com\/wp-json\/wp\/v2\/types\/product"}],"version-history":[{"count":4,"href":"https:\/\/www.funtasyenglish.com\/wp-json\/wp\/v2\/product\/4663\/revisions"}],"predecessor-version":[{"id":12109,"href":"https:\/\/www.funtasyenglish.com\/wp-json\/wp\/v2\/product\/4663\/revisions\/12109"}],"wp:featuredmedia":[{"embeddable":true,"href":"https:\/\/www.funtasyenglish.com\/wp-json\/wp\/v2\/media\/4664"}],"wp:attachment":[{"href":"https:\/\/www.funtasyenglish.com\/wp-json\/wp\/v2\/media?parent=4663"}],"wp:term":[{"taxonomy":"product_brand","embeddable":true,"href":"https:\/\/www.funtasyenglish.com\/wp-json\/wp\/v2\/product_brand?post=4663"},{"taxonomy":"product_cat","embeddable":true,"href":"https:\/\/www.funtasyenglish.com\/wp-json\/wp\/v2\/product_cat?post=4663"},{"taxonomy":"product_tag","embeddable":true,"href":"https:\/\/www.funtasyenglish.com\/wp-json\/wp\/v2\/product_tag?post=4663"}],"curies":[{"name":"wp","href":"https:\/\/api.w.org\/{rel}","templated":true}]}}