{"id":4652,"date":"2022-09-07T20:24:45","date_gmt":"2022-09-07T18:24:45","guid":{"rendered":"https:\/\/www.funtasyenglish.com\/produkt\/pera\/"},"modified":"2025-05-04T17:24:02","modified_gmt":"2025-05-04T15:24:02","slug":"pera","status":"publish","type":"product","link":"https:\/\/www.funtasyenglish.com\/produkt\/pera\/","title":{"rendered":"Per\u00e1"},"content":{"rendered":"","protected":false},"excerpt":{"rendered":"<p><span id=\"E434\">Pero s\u00a0logom FUNTASY ENGLISH <\/span><span id=\"E435\">vo farb\u00e1ch loga s\u00a0modrou tuhou je ide\u00e1lnym dar\u010dekom, drobnou pozornos\u0165ou \u010di malou odmenou<\/span><span id=\"E436\"> pre u\u010dite\u013ea alebo \u017eiaka. M\u00f4\u017ee by\u0165 i\u00a0s\u00fa\u010das\u0165ou hodnotiace syst\u00e9mu na hodin\u00e1ch angli\u010dtiny<\/span><span id=\"E437\"> <\/span><span id=\"E438\">pre deti, ktor\u00e9 sa usilovne sna\u017eia zachr\u00e1ni\u0165 <\/span><a href=\"https:\/\/www.funtasyenglish.com\/funtasy-english-land\/\"><span id=\"E439\">Funtasy English land.<\/span><\/a><span id=\"E440\"> <\/span><\/p>\n<p>K\u00fapou tohto produktu podpor\u00edte <a href=\"https:\/\/youtu.be\/yJDZNnvWGE8\">OZ Domov je pr\u00edstav.<\/a><\/p>\n","protected":false},"featured_media":4653,"template":"","meta":[],"product_brand":[],"product_cat":[51],"product_tag":[],"class_list":{"0":"post-4652","1":"product","2":"type-product","3":"status-publish","4":"has-post-thumbnail","6":"product_cat-rozne","7":"pa_farba-cervena","8":"pa_farba-fialova","9":"pa_farba-zelena","10":"pa_farba-zlta","12":"first","13":"instock","14":"shipping-taxable","15":"purchasable","16":"product-type-variable","17":"nyp-product"},"wcpa_form_fields":null,"_links":{"self":[{"href":"https:\/\/www.funtasyenglish.com\/wp-json\/wp\/v2\/product\/4652","targetHints":{"allow":["GET"]}}],"collection":[{"href":"https:\/\/www.funtasyenglish.com\/wp-json\/wp\/v2\/product"}],"about":[{"href":"https:\/\/www.funtasyenglish.com\/wp-json\/wp\/v2\/types\/product"}],"version-history":[{"count":1,"href":"https:\/\/www.funtasyenglish.com\/wp-json\/wp\/v2\/product\/4652\/revisions"}],"predecessor-version":[{"id":12896,"href":"https:\/\/www.funtasyenglish.com\/wp-json\/wp\/v2\/product\/4652\/revisions\/12896"}],"wp:featuredmedia":[{"embeddable":true,"href":"https:\/\/www.funtasyenglish.com\/wp-json\/wp\/v2\/media\/4653"}],"wp:attachment":[{"href":"https:\/\/www.funtasyenglish.com\/wp-json\/wp\/v2\/media?parent=4652"}],"wp:term":[{"taxonomy":"product_brand","embeddable":true,"href":"https:\/\/www.funtasyenglish.com\/wp-json\/wp\/v2\/product_brand?post=4652"},{"taxonomy":"product_cat","embeddable":true,"href":"https:\/\/www.funtasyenglish.com\/wp-json\/wp\/v2\/product_cat?post=4652"},{"taxonomy":"product_tag","embeddable":true,"href":"https:\/\/www.funtasyenglish.com\/wp-json\/wp\/v2\/product_tag?post=4652"}],"curies":[{"name":"wp","href":"https:\/\/api.w.org\/{rel}","templated":true}]}}