{"id":4619,"date":"2022-08-25T23:58:01","date_gmt":"2022-08-25T21:58:01","guid":{"rendered":"https:\/\/www.funtasyenglish.com\/produkt\/thistle-be-brave-komplet\/"},"modified":"2025-02-21T12:59:36","modified_gmt":"2025-02-21T11:59:36","slug":"thistle-be-brave-komplet","status":"publish","type":"product","link":"https:\/\/www.funtasyenglish.com\/produkt\/thistle-be-brave-komplet\/","title":{"rendered":"Tepl\u00e1kov\u00e1 s\u00faprava &#8211; kr\u00e1tky ruk\u00e1v s potla\u010dou \u0161kriatka (r\u00f4zne varianty)"},"content":{"rendered":"","protected":false},"excerpt":{"rendered":"<p><span id=\"E368\">Detsk\u00fd tepl\u00e1kov\u00fd komplet s\u00a0obr\u00e1zkom \u0161kriatka a\u00a0n\u00e1pisom. Pr\u00edjemn\u00e1 a\u00a0pohodln\u00e1 tepl\u00e1kov\u00e1 s\u00faprava pozost\u00e1vaj\u00faca z\u00a0tri\u010dka s\u00a0kr\u00e1tkym ruk\u00e1vom a\u00a0kra\u0165askami je ide\u00e1lna na ka\u017ed\u00fa \u0161portov\u00fa udalos\u0165, prech\u00e1dzku i\u00a0le\u017e\u00e9rne oble\u010denie do \u0161koly<\/span><span id=\"E369\"> \u010di doma.<\/span><\/p>\n<ul>\n<li><span id=\"E369\"> Materi\u00e1l: 95% bavlna, 5% elastan<\/span><\/li>\n<li><span id=\"E372\">V<\/span><span id=\"E374\">\u00fd\u0161ka postavy: 1<\/span><span id=\"E375\">15<\/span><span id=\"E376\"> \u2013 130cm<\/span><\/li>\n<li><span id=\"E376\">Tri\u010dko: d\u013a\u017eka &#8211; <\/span><span id=\"E377\">48<\/span><span id=\"E378\">cm, <\/span><span id=\"E379\">\u0161\u00edrka (<\/span><span id=\"E380\">hru\u010f<\/span><span id=\"E381\">) &#8211; <\/span><span id=\"E383\">35<\/span><span id=\"E384\">*2<\/span><span id=\"E385\">cm<\/span><span id=\"E386\">,<\/span><\/li>\n<li><span id=\"E387\">Kra\u0165asky: \u0161\u00edrka (<\/span><span id=\"E388\">p\u00e1s<\/span><span id=\"E389\">) &#8211;<\/span><span id=\"E390\">\u00a0<\/span><span id=\"E391\">gumi\u010dka <\/span><span id=\"E392\">26 \u2013 40<\/span><span id=\"E393\">cm<\/span><span id=\"E394\">*2<\/span><span id=\"E395\">, d\u013a\u017eka nohavice: 39cm<\/span><\/li>\n<\/ul>\n","protected":false},"featured_media":4620,"template":"","meta":[],"product_brand":[],"product_cat":[57],"product_tag":[],"class_list":{"0":"post-4619","1":"product","2":"type-product","3":"status-publish","4":"has-post-thumbnail","6":"product_cat-oblecenie","8":"first","9":"instock","10":"shipping-taxable","11":"purchasable","12":"product-type-variable"},"wcpa_form_fields":null,"_links":{"self":[{"href":"https:\/\/www.funtasyenglish.com\/wp-json\/wp\/v2\/product\/4619","targetHints":{"allow":["GET"]}}],"collection":[{"href":"https:\/\/www.funtasyenglish.com\/wp-json\/wp\/v2\/product"}],"about":[{"href":"https:\/\/www.funtasyenglish.com\/wp-json\/wp\/v2\/types\/product"}],"version-history":[{"count":3,"href":"https:\/\/www.funtasyenglish.com\/wp-json\/wp\/v2\/product\/4619\/revisions"}],"predecessor-version":[{"id":12115,"href":"https:\/\/www.funtasyenglish.com\/wp-json\/wp\/v2\/product\/4619\/revisions\/12115"}],"wp:featuredmedia":[{"embeddable":true,"href":"https:\/\/www.funtasyenglish.com\/wp-json\/wp\/v2\/media\/4620"}],"wp:attachment":[{"href":"https:\/\/www.funtasyenglish.com\/wp-json\/wp\/v2\/media?parent=4619"}],"wp:term":[{"taxonomy":"product_brand","embeddable":true,"href":"https:\/\/www.funtasyenglish.com\/wp-json\/wp\/v2\/product_brand?post=4619"},{"taxonomy":"product_cat","embeddable":true,"href":"https:\/\/www.funtasyenglish.com\/wp-json\/wp\/v2\/product_cat?post=4619"},{"taxonomy":"product_tag","embeddable":true,"href":"https:\/\/www.funtasyenglish.com\/wp-json\/wp\/v2\/product_tag?post=4619"}],"curies":[{"name":"wp","href":"https:\/\/api.w.org\/{rel}","templated":true}]}}