{"id":4594,"date":"2022-08-25T23:24:37","date_gmt":"2022-08-25T21:24:37","guid":{"rendered":"https:\/\/www.funtasyenglish.com\/produkt\/manual-uspesneho-ucitela-anglickeho-jazyka-na-1-stupni-zs\/"},"modified":"2026-04-15T12:42:34","modified_gmt":"2026-04-15T10:42:34","slug":"manual-uspesneho-ucitela-anglickeho-jazyka-na-1-stupni-zs","status":"publish","type":"product","link":"https:\/\/www.funtasyenglish.com\/produkt\/manual-uspesneho-ucitela-anglickeho-jazyka-na-1-stupni-zs\/","title":{"rendered":"Manu\u00e1l \u00faspe\u0161n\u00e9ho u\u010dite\u013ea anglick\u00e9ho jazyka na 1. stupni Z\u0160-pripravujeme"},"content":{"rendered":"\t\t<div data-elementor-type=\"product-post\" data-elementor-id=\"4594\" class=\"elementor elementor-4594\">\n\t\t\t\t\t\t\t        <section class=\"elementor-section elementor-top-section elementor-element elementor-element-f1ead7e elementor-section-boxed elementor-section-height-default elementor-section-height-default\" data-id=\"f1ead7e\" data-element_type=\"section\" id=\"viac\">\n\t\t\n\t\t        <div class=\"elementor-container elementor-column-gap-default \" >\n\t\t        <div class=\"elementor-column elementor-col-100 elementor-top-column elementor-element elementor-element-786b7e3\" data-id=\"786b7e3\" data-element_type=\"column\">\n        <div class=\"elementor-widget-wrap elementor-element-populated\">\n                        \t\t<div class=\"elementor-element elementor-element-7f40426 elementor-widget elementor-widget-spacer\" data-id=\"7f40426\" data-element_type=\"widget\" data-widget_type=\"spacer.default\">\n\t\t\t\t<div class=\"elementor-widget-container\">\n\t\t\t<style>\/*! elementor - v3.8.1 - 13-11-2022 *\/\n.elementor-column .elementor-spacer-inner{height:var(--spacer-size)}.e-con{--container-widget-width:100%}.e-con-inner>.elementor-widget-spacer,.e-con>.elementor-widget-spacer{width:var(--container-widget-width,var(--spacer-size));-ms-flex-item-align:stretch;align-self:stretch;-ms-flex-negative:0;flex-shrink:0}.e-con-inner>.elementor-widget-spacer>.elementor-widget-container,.e-con-inner>.elementor-widget-spacer>.elementor-widget-container>.elementor-spacer,.e-con>.elementor-widget-spacer>.elementor-widget-container,.e-con>.elementor-widget-spacer>.elementor-widget-container>.elementor-spacer{height:100%}.e-con-inner>.elementor-widget-spacer>.elementor-widget-container>.elementor-spacer>.elementor-spacer-inner,.e-con>.elementor-widget-spacer>.elementor-widget-container>.elementor-spacer>.elementor-spacer-inner{height:var(--container-widget-height,var(--spacer-size))}<\/style>\t\t<div class=\"elementor-spacer\">\n\t\t\t<div class=\"elementor-spacer-inner\"><\/div>\n\t\t<\/div>\n\t\t\t\t<\/div>\n\t\t\t\t<\/div>\n\t\t\t\t<div class=\"elementor-element elementor-element-75bc51f elementor-widget elementor-widget-cms_fancy_box\" data-id=\"75bc51f\" data-element_type=\"widget\" data-widget_type=\"cms_fancy_box.default\">\n\t\t\t\t<div class=\"elementor-widget-container\">\n\t\t\t<div class=\"cms-fancy-box layout3 box-icon-left wow tada\">\r\n    <div class=\"inner-content\">\r\n                    <div class=\"item--icon icon-font\">\r\n                <div class=\"inner-icon\">\r\n                    <i aria-hidden=\"true\" class=\"fas fa-school\"><\/i>                <\/div>\r\n            <\/div>\r\n                        <div class=\"item-holder\">\r\n                            <h3 class=\"item--title\">\r\n                    Angli\u010dtina pre  &quot;young learners&quot;                <\/h3>\r\n                                        <div class=\"item--description\">\r\n                    Manu\u00e1l popisuje <b>v\u00fdvinov\u00e9 osobitosti \u017eiakov <\/b>mlad\u0161ieho \u0161kolsk\u00e9ho veku<b> <\/b>a charakterizuje <b>vyu\u010dovania anglick\u00e9ho jazyka v 1. cykle Z\u0160<\/b>. Z\u00e1rove\u0148 autorka <b>zdie\u013ea jej sk\u00fasenosti a pon\u00faka mno\u017estvo tipov,<\/b> z ktor\u00fdch si aj nekvalifikovan\u00fd u\u010dite\u013e anglick\u00e9ho jazyka bude vedie\u0165 jednoducho vystava\u0165 <b>efekt\u00edvne vyu\u010dovacie hodiny, ktor\u00e9 bud\u00fa pre \u017eiakov i u\u010dite\u013ea z\u00e1\u017eitkom<\/b> a bud\u00fa obom prin\u00e1\u0161a\u0165 rados\u0165.                 <\/div>\r\n                    <\/div>\r\n    <\/div>\r\n<\/div>\t\t<\/div>\n\t\t\t\t<\/div>\n\t\t\t\t<div class=\"elementor-element elementor-element-8ca2e70 elementor-widget elementor-widget-cms_fancy_box\" data-id=\"8ca2e70\" data-element_type=\"widget\" data-widget_type=\"cms_fancy_box.default\">\n\t\t\t\t<div class=\"elementor-widget-container\">\n\t\t\t<div class=\"cms-fancy-box layout3 box-icon-left \">\r\n    <div class=\"inner-content\">\r\n                    <div class=\"item--icon icon-font\">\r\n                <div class=\"inner-icon\">\r\n                    <i aria-hidden=\"true\" class=\"fas fa-balance-scale-left\"><\/i>                <\/div>\r\n            <\/div>\r\n                        <div class=\"item-holder\">\r\n                            <h3 class=\"item--title\">\r\n                    Efekt\u00edvne hodiny angli\u010dtiny bez nudn\u00e9ho drilu                <\/h3>\r\n                                        <div class=\"item--description\">\r\n                    <b>Andersonov PPP model<\/b> je osved\u010den\u00fd metodick\u00fd n\u00e1stroj, ktor\u00fd p<b>om\u00e1ha systematicky budova\u0165 jazykov\u00e9 kompetencie<\/b> krok za krokom. Pre svoju jednoduchos\u0165, \u0161trukt\u00faru a postupnos\u0165 <b>je vhodn\u00fd najm\u00e4 pre za\u010diato\u010dn\u00edkov pri budovan\u00ed z\u00e1kladov<\/b> ich jazykov\u00fdch zru\u010dnost\u00ed. Pom\u00e1ha <b>budova\u0165 sebavedomie a internalizova\u0165 jazykov\u00e9 \u0161trukt\u00fary<\/b> ve\u013emi efekt\u00edvne.                <\/div>\r\n                    <\/div>\r\n    <\/div>\r\n<\/div>\t\t<\/div>\n\t\t\t\t<\/div>\n\t\t\t\t<div class=\"elementor-element elementor-element-1e4031c elementor-widget elementor-widget-cms_fancy_box\" data-id=\"1e4031c\" data-element_type=\"widget\" data-widget_type=\"cms_fancy_box.default\">\n\t\t\t\t<div class=\"elementor-widget-container\">\n\t\t\t<div class=\"cms-fancy-box layout3 box-icon-left \">\r\n    <div class=\"inner-content\">\r\n                    <div class=\"item--icon icon-font\">\r\n                <div class=\"inner-icon\">\r\n                    <i aria-hidden=\"true\" class=\"fas fa-lightbulb\"><\/i>                <\/div>\r\n            <\/div>\r\n                        <div class=\"item-holder\">\r\n                            <h3 class=\"item--title\">\r\n                    Unik\u00e1tna in\u0161pir\u00e1cia na hodiny angli\u010dtiny                <\/h3>\r\n                                        <div class=\"item--description\">\r\n                    Manu\u00e1l prin\u00e1\u0161a do povedomia pojem <b>Edutainment, <\/b>ako inovat\u00edvny pr\u00edstup k vyu\u010dovaniu<b> <\/b>a pon\u00faka<b> n\u00e1vrhy pr\u00edprav na vyu\u010dovacie hodiny<\/b> s<b> <\/b>vyu\u017eit\u00edm <b>Edutainment aktiv\u00edt a na\u0161ich unik\u00e1tnych eduka\u010dn\u00fdch materi\u00e1lov<\/b>. Tak\u00e9to <b>kreat\u00edvne, hrav\u00e9 a em\u00f3ciami nabit\u00e9 hodiny, <\/b>s\u00fa predpokladom <b>efekt\u00edvneho jazykov\u00e9ho vzdel\u00e1vania. <\/b>Je tie\u017e mo\u017en\u00e9 ich pou\u017ei\u0165 aj na in\u00fdch vyu\u010dovac\u00ed predmetoch. S\u00fa\u010das\u0165ou je aj <b>pr\u00edstup k videon\u00e1vodom t\u00fdchto aktiv\u00edt, <\/b>ktor\u00e9 sme odsk\u00fa\u0161ali a pou\u017e\u00edvan\u00edm vycibrili.                <\/div>\r\n                    <\/div>\r\n    <\/div>\r\n<\/div>\t\t<\/div>\n\t\t\t\t<\/div>\n\t\t\t\t<div class=\"elementor-element elementor-element-d4bf028 elementor-widget elementor-widget-cms_fancy_box\" data-id=\"d4bf028\" data-element_type=\"widget\" data-widget_type=\"cms_fancy_box.default\">\n\t\t\t\t<div class=\"elementor-widget-container\">\n\t\t\t<div class=\"cms-fancy-box layout3 box-icon-left \">\r\n    <div class=\"inner-content\">\r\n                    <div class=\"item--icon icon-font\">\r\n                <div class=\"inner-icon\">\r\n                    <i aria-hidden=\"true\" class=\"fas fa-book-reader\"><\/i>                <\/div>\r\n            <\/div>\r\n                        <div class=\"item-holder\">\r\n                            <h3 class=\"item--title\">\r\n                    Funtasy English - nov\u00e1 \u00e9ra vyu\u010dovania angli\u010dtiny                <\/h3>\r\n                                        <div class=\"item--description\">\r\n                    Pon\u00faka <b>pomoc pre nekvalifikovan\u00fdch<\/b> a prin\u00e1\u0161a <b>nadstavbu pre sk\u00fasen\u00fdch <\/b>a ostrie\u013ean\u00fdch <b>u\u010dite\u013eov <\/b>anglick\u00e9ho jazyka. Unik\u00e1tnos\u0165 tejto koncepcie spo\u010d\u00edva v \u00fazkom <span style=\"font-weight: 700\">prepojen\u00ed jednoduch\u00fdch autorsk\u00fdch piesn\u00ed<\/span> a k nim vytvoren\u00fdch <span style=\"font-weight: 700\">stolov\u00fdch a kartov\u00fdch hier. <\/span>Manu\u00e1l <b>definuje<\/b> koncepciu Funtasy English, jej <b>teoretick\u00e9 v\u00fdchodisk\u00e1, didaktick\u00e9 princ\u00edpy a aplikovan\u00e9 met\u00f3dy,<\/b> ktor\u00e9 spolu prin\u00e1\u0161aj\u00fa do vyu\u010dovania vietor svie\u017eosti, novosti a atraktivity.                <\/div>\r\n                    <\/div>\r\n    <\/div>\r\n<\/div>\t\t<\/div>\n\t\t\t\t<\/div>\n\t\t\t\t<div class=\"elementor-element elementor-element-1475722 elementor-widget elementor-widget-cms_fancy_box\" data-id=\"1475722\" data-element_type=\"widget\" data-widget_type=\"cms_fancy_box.default\">\n\t\t\t\t<div class=\"elementor-widget-container\">\n\t\t\t<div class=\"cms-fancy-box layout3 box-icon-left \">\r\n    <div class=\"inner-content\">\r\n                    <div class=\"item--icon icon-font\">\r\n                <div class=\"inner-icon\">\r\n                    <i aria-hidden=\"true\" class=\"fas fa-comments\"><\/i>                <\/div>\r\n            <\/div>\r\n                        <div class=\"item-holder\">\r\n                            <h3 class=\"item--title\">\r\n                    Ako rozv\u00edja\u0165 komunika\u010dn\u00e9 zru\u010dnosti \u017eiakov                <\/h3>\r\n                                        <div class=\"item--description\">\r\n                    Autorka v manu\u00e1li sumarizujeme pr\u00ed\u010diny a <b>pomen\u00favame d\u00f4vody,  <\/b>pre\u010do na\u0161i \u017eiaci nevedie komunikova\u0165 po anglicky vych\u00e1dzaj\u00fac z jej vlastn\u00fdch 12-ro\u010dn\u00fdch sk\u00fasenost\u00ed v slovenskom \u0161kolstve a <b>navrhuje efekt\u00edvne rie\u0161enia <\/b>ako <b>odstr\u00e1ni\u0165 bloky a strach z rozpr\u00e1vania<\/b>. Prin\u00e1\u0161a <b>postupy, ako rozv\u00edja\u0165 komunika\u010dn\u00e9 zru\u010dnosti <\/b>\u017eiakov a ako <b>podpori\u0165 ich plynulos\u0165 a spont\u00e1nnos\u0165<\/b>.                <\/div>\r\n                    <\/div>\r\n    <\/div>\r\n<\/div>\t\t<\/div>\n\t\t\t\t<\/div>\n\t\t\t\t<div class=\"elementor-element elementor-element-a11dd2d elementor-widget elementor-widget-cms_fancy_box\" data-id=\"a11dd2d\" data-element_type=\"widget\" data-widget_type=\"cms_fancy_box.default\">\n\t\t\t\t<div class=\"elementor-widget-container\">\n\t\t\t<div class=\"cms-fancy-box layout3 box-icon-left \">\r\n    <div class=\"inner-content\">\r\n                    <div class=\"item--icon icon-font\">\r\n                <div class=\"inner-icon\">\r\n                    <i aria-hidden=\"true\" class=\"fas fa-user-graduate\"><\/i>                <\/div>\r\n            <\/div>\r\n                        <div class=\"item-holder\">\r\n                            <h3 class=\"item--title\">\r\n                    Z\u00e1sady motiva\u010dn\u00e9ho hodnotenia \u017eiakov                <\/h3>\r\n                                        <div class=\"item--description\">\r\n                    Funtasy Englich predstavuje a navrhuje jedine\u010dn\u00fd a <b>silne motiva\u010dn\u00fd syst\u00e9m odme\u0148ovania a hodnotenia \u017eiakov<\/b> vyu\u017e\u00edvaj\u00faci prvky gamifik\u00e1cie, ktor\u00fd m\u00f4\u017ee u\u010dite\u013e vyu\u017ei\u0165<b> ako n\u00e1hradu tradi\u010dnej klasifik\u00e1cie. <\/b> Jeho s\u00fa\u010das\u0165ou je  <a href=\"https:\/\/www.funtasyenglish.com\/funtasy-english-land\/\">motiva\u010dn\u00fd pr\u00edbeh o \u0161kriatkoch,   <\/a><a href=\"https:\/\/www.funtasyenglish.com\/produkt\/peciatky\/\">sada pe\u010diatok <\/a> a certifik\u00e1ty, ktor\u00e9 s\u00fa s\u00fa\u010das\u0165ou publik\u00e1cie.                <\/div>\r\n                    <\/div>\r\n    <\/div>\r\n<\/div>\t\t<\/div>\n\t\t\t\t<\/div>\n\t\t        <\/div>\n        <\/div>\n        \t\t        <\/div>\n        <\/section>\n\t\t\t\t\t\t\t<\/div>\n\t\t","protected":false},"excerpt":{"rendered":"<p><!--more--><strong>PRIPRAVUJEME<\/strong><\/p>\n<p><strong>Prv\u00e1 pomoc pre u\u010dite\u013eov anglick\u00e9ho jazyka<\/strong> \u017eiakov mlad\u0161ieho \u0161kolsk\u00e9ho veku. Publik\u00e1cia je ur\u010den\u00e1 najm\u00e4 za\u010d\u00ednaj\u00facim a nesk\u00fasen\u00fdm u\u010dite\u013eom, ktor\u00fdm prin\u00e1\u0161a <strong>didaktick\u00fa podporu a\u00a0odborn\u00e9 z\u00e1zemie<\/strong> na hodiny angli\u010dtiny. No i\u00a0sk\u00fasen\u00ed a\u00a0kvalifikovan\u00ed u\u010ditelia m\u00f4\u017eu v\u010faka tejto publik\u00e1cii z\u00edska\u0165 <strong>mnoho cenn\u00fdch tipov a in\u0161pir\u00e1ci\u00ed,<\/strong> ktor\u00fdmi obohatia svoje <strong>vyu\u010dovacie hodiny<\/strong> a\u00a0<strong>urobia z\u00a0nich z\u00e1\u017eitok<\/strong>. Manu\u00e1l bude ur\u010dite <strong>oso\u017enou s\u00fa\u010das\u0165ou kabinetu<\/strong> anglick\u00e9ho jazyka \u010di 1. stup\u0148a Z\u0160.<br \/>\nViac sa dozviete <a href=\"#viac\">v popise<\/a>.<\/p>\n<p>K\u00fapou Manu\u00e1lu \u00faspe\u0161n\u00e9ho u\u010dite\u013ea anglick\u00e9ho jazyka na 1. stupni podporujete \u010fal\u0161\u00ed v\u00fdvoj koncepcie Funtasy English. \u010eakujeme, \u017ee budete s\u00a0t\u00fdmto materi\u00e1lom nar\u00e1ba\u0165 s\u00a0\u00factou a\u00a0<a href=\"https:\/\/funtasyenglish.com\/#zak\">re\u0161pektovan\u00edm autorsk\u00fdch pr\u00e1v a autorsk\u00e9ho z\u00e1kona.<\/a><\/p>\n","protected":false},"featured_media":4595,"template":"","meta":[],"product_brand":[],"product_cat":[51],"product_tag":[],"class_list":{"0":"post-4594","1":"product","2":"type-product","3":"status-publish","4":"has-post-thumbnail","6":"product_cat-rozne","8":"first","9":"outofstock","10":"downloadable","11":"virtual","12":"purchasable","13":"product-type-simple"},"wcpa_form_fields":null,"_links":{"self":[{"href":"https:\/\/www.funtasyenglish.com\/wp-json\/wp\/v2\/product\/4594","targetHints":{"allow":["GET"]}}],"collection":[{"href":"https:\/\/www.funtasyenglish.com\/wp-json\/wp\/v2\/product"}],"about":[{"href":"https:\/\/www.funtasyenglish.com\/wp-json\/wp\/v2\/types\/product"}],"version-history":[{"count":6,"href":"https:\/\/www.funtasyenglish.com\/wp-json\/wp\/v2\/product\/4594\/revisions"}],"predecessor-version":[{"id":17796,"href":"https:\/\/www.funtasyenglish.com\/wp-json\/wp\/v2\/product\/4594\/revisions\/17796"}],"wp:featuredmedia":[{"embeddable":true,"href":"https:\/\/www.funtasyenglish.com\/wp-json\/wp\/v2\/media\/4595"}],"wp:attachment":[{"href":"https:\/\/www.funtasyenglish.com\/wp-json\/wp\/v2\/media?parent=4594"}],"wp:term":[{"taxonomy":"product_brand","embeddable":true,"href":"https:\/\/www.funtasyenglish.com\/wp-json\/wp\/v2\/product_brand?post=4594"},{"taxonomy":"product_cat","embeddable":true,"href":"https:\/\/www.funtasyenglish.com\/wp-json\/wp\/v2\/product_cat?post=4594"},{"taxonomy":"product_tag","embeddable":true,"href":"https:\/\/www.funtasyenglish.com\/wp-json\/wp\/v2\/product_tag?post=4594"}],"curies":[{"name":"wp","href":"https:\/\/api.w.org\/{rel}","templated":true}]}}