{"id":4579,"date":"2022-08-22T19:23:07","date_gmt":"2022-08-22T17:23:07","guid":{"rendered":"https:\/\/www.funtasyenglish.com\/produkt\/omalovanka-my-body\/"},"modified":"2025-10-25T16:49:24","modified_gmt":"2025-10-25T14:49:24","slug":"art-craft-portfolio-2b","status":"publish","type":"product","link":"https:\/\/www.funtasyenglish.com\/produkt\/art-craft-portfolio-2b\/","title":{"rendered":"Art&#038;craft portf\u00f3lio 2B"},"content":{"rendered":"","protected":false},"excerpt":{"rendered":"<h3>Art&amp;craft portf\u00f3lio 2B<\/h3>\n<p>37 str\u00e1n<\/p>\n<p>Obsahuje nasledovn\u00e9 t\u00e9my a k nim kreat\u00edvne cvi\u010denia a aktivity zameran\u00e9 rozvoj po\u010d\u00favania s porozumen\u00edm a rozpr\u00e1vanie.<\/p>\n<ul>\n<li>What&#8217;s this? What&#8217;s that?<\/li>\n<li>Let&#8217;s go shopping<\/li>\n<li>How is the weather?<\/li>\n<li>Food and drinks<\/li>\n<li>Days and subjects<\/li>\n<\/ul>\n<p>Na\u010d\u00edtan\u00edm QR k\u00f3du sa die\u0165a jednoducho dostane na n\u00e1\u0161 <a href=\"https:\/\/www.youtube.com\/channel\/UCO4FAIEdl0ktcNj8HZ2iFVw\"><em>youtube kan\u00e1l<\/em><\/a>, kde si m\u00f4\u017ee slov\u00e1 a fr\u00e1zy k jednotliv\u00fdm t\u00e9mam vypo\u010du\u0165, tr\u00e9nova\u0165 spr\u00e1vnu v\u00fdslovnos\u0165 a z\u00e1rove\u0148 uvid\u00ed plnofarebn\u00fd obr\u00e1zok ako predlohu.<\/p>\n<p><strong>V\u00ddHODY:<\/strong><\/p>\n<ul>\n<li>Spojenie obr\u00e1zka a textu <strong>napom\u00e1ha zapam\u00e4taniu slovnej z\u00e1soby<\/strong>.<\/li>\n<li>Nahr\u00e1vka <strong>roden\u00e9ho hovoriaceho<\/strong> sl\u00fa\u017ei ako <strong>spr\u00e1vny re\u010dov\u00fd vzor<\/strong>.<\/li>\n<li><strong>Slovn\u00e1 z\u00e1soba<\/strong> sa u\u010d\u00ed <strong>v kontexte fr\u00e1z<\/strong>, nie izolovane. (napr. How is the weather? It&#8217;s sunny, it&#8217;s hot. Put on your t-shirt.)<\/li>\n<li><strong>Nen\u00e1silne<\/strong> sa zoznamuje s jednoduch\u00fdmi <strong>gramatick\u00fdmi \u0161trukt\u00farami, fraz\u00e1lnymi slovesami, \u010dlenmi, pomocn\u00fdm slovesom do-does.<\/strong><\/li>\n<li>R\u00f4znorod\u00e9 \u010dinnosti so slovami <strong>up\u00fataj\u00fa detsk\u00fa pozornos\u0165<\/strong>. (vyfarbovanie, strihanie, lepenie, sp\u00e1janie, dokres\u013eovanie)<\/li>\n<li>Okrem rozvoja manu\u00e1lnych zru\u010dnost\u00ed je <strong>die\u0165a nab\u00e1dan\u00e9 rozv\u00edja\u0165 aj tie jazykov\u00e9. (po\u010d\u00favanie s porozumen\u00edm a komunika\u010dn\u00e9 zru\u010dnosti)<\/strong><\/li>\n<\/ul>\n<p>Tento produkt n\u00e1jdete po zak\u00fapen\u00ed vo form\u00e1te pdf vo svojom konte a m\u00f4\u017eete si ho stiahnu\u0165.<\/p>\n","protected":false},"featured_media":14820,"template":"","meta":[],"product_brand":[],"product_cat":[49],"product_tag":[],"class_list":{"0":"post-4579","1":"product","2":"type-product","3":"status-publish","4":"has-post-thumbnail","6":"product_cat-artcraft-portfolio-omalovanky","8":"first","9":"instock","10":"downloadable","11":"shipping-taxable","12":"purchasable","13":"product-type-simple"},"wcpa_form_fields":null,"_links":{"self":[{"href":"https:\/\/www.funtasyenglish.com\/wp-json\/wp\/v2\/product\/4579","targetHints":{"allow":["GET"]}}],"collection":[{"href":"https:\/\/www.funtasyenglish.com\/wp-json\/wp\/v2\/product"}],"about":[{"href":"https:\/\/www.funtasyenglish.com\/wp-json\/wp\/v2\/types\/product"}],"version-history":[{"count":5,"href":"https:\/\/www.funtasyenglish.com\/wp-json\/wp\/v2\/product\/4579\/revisions"}],"predecessor-version":[{"id":14958,"href":"https:\/\/www.funtasyenglish.com\/wp-json\/wp\/v2\/product\/4579\/revisions\/14958"}],"wp:featuredmedia":[{"embeddable":true,"href":"https:\/\/www.funtasyenglish.com\/wp-json\/wp\/v2\/media\/14820"}],"wp:attachment":[{"href":"https:\/\/www.funtasyenglish.com\/wp-json\/wp\/v2\/media?parent=4579"}],"wp:term":[{"taxonomy":"product_brand","embeddable":true,"href":"https:\/\/www.funtasyenglish.com\/wp-json\/wp\/v2\/product_brand?post=4579"},{"taxonomy":"product_cat","embeddable":true,"href":"https:\/\/www.funtasyenglish.com\/wp-json\/wp\/v2\/product_cat?post=4579"},{"taxonomy":"product_tag","embeddable":true,"href":"https:\/\/www.funtasyenglish.com\/wp-json\/wp\/v2\/product_tag?post=4579"}],"curies":[{"name":"wp","href":"https:\/\/api.w.org\/{rel}","templated":true}]}}