{"id":17667,"date":"2026-04-10T10:50:06","date_gmt":"2026-04-10T08:50:06","guid":{"rendered":"https:\/\/www.funtasyenglish.com\/?post_type=product&#038;p=17667"},"modified":"2026-04-23T09:12:57","modified_gmt":"2026-04-23T07:12:57","slug":"mega-fungames-pack-level-2-uzz","status":"publish","type":"product","link":"https:\/\/www.funtasyenglish.com\/produkt\/mega-fungames-pack-level-2-uzz\/","title":{"rendered":"Mega Fun&#038;Games pack LEVEL 2 (U+\u017dZ)"},"content":{"rendered":"\t\t<div data-elementor-type=\"product-post\" data-elementor-id=\"17667\" class=\"elementor elementor-17667\">\n\t\t\t\t\t\t\t        <section class=\"elementor-section elementor-top-section elementor-element elementor-element-3c819f0 elementor-section-boxed elementor-section-height-default elementor-section-height-default\" data-id=\"3c819f0\" data-element_type=\"section\">\n\t\t\n\t\t        <div class=\"elementor-container elementor-column-gap-default \" >\n\t\t        <div class=\"elementor-column elementor-col-50 elementor-top-column elementor-element elementor-element-feacd1a\" data-id=\"feacd1a\" data-element_type=\"column\">\n        <div class=\"elementor-widget-wrap elementor-element-populated\">\n                        \t\t<div class=\"elementor-element elementor-element-dd34708 elementor-widget elementor-widget-cms_heading\" data-id=\"dd34708\" data-element_type=\"widget\" data-widget_type=\"cms_heading.default\">\n\t\t\t\t<div class=\"elementor-widget-container\">\n\t\t\t<div class=\"cms-heading-wrapper cms-heading-layout1 \">\r\n            <div class=\"custom-subheading\">varianty aplik\u00e1cie<\/div>\r\n    \r\n        \r\n            <div class=\"custom-heading-description\">\r\n            Vyberte si variant Playground aplik\u00e1cie pod\u013ea va\u0161ich preferenci\u00ed. \nViac o aplik\u00e1cii sa dozviete kliknut\u00edm na obr\u00e1zok.        <\/div>\r\n    <\/div>\t\t<\/div>\n\t\t\t\t<\/div>\n\t\t\t\t<div class=\"elementor-element elementor-element-ba91bd0 elementor-widget elementor-widget-cms_image_single\" data-id=\"ba91bd0\" data-element_type=\"widget\" data-widget_type=\"cms_image_single.default\">\n\t\t\t\t<div class=\"elementor-widget-container\">\n\t\t\t<div class=\"cms-image-single animation-none \">\r\n            <div class=\"cms-img-box\">\r\n            <a href=\"https:\/\/www.funtasyenglish.com\/playground-app\/\">                <img decoding=\"async\" width=\"2245\" height=\"1587\" src=\"https:\/\/www.funtasyenglish.com\/wp-content\/uploads\/2026\/01\/Playground-app-price.png\" class=\"attachment-full size-full\" alt=\"\" \/>            <\/a>        <\/div>\r\n    <\/div>\t\t<\/div>\n\t\t\t\t<\/div>\n\t\t        <\/div>\n        <\/div>\n                <div class=\"elementor-column elementor-col-50 elementor-top-column elementor-element elementor-element-7594c2f\" data-id=\"7594c2f\" data-element_type=\"column\">\n        <div class=\"elementor-widget-wrap elementor-element-populated\">\n                        \t\t<div class=\"elementor-element elementor-element-16eef08 elementor-widget elementor-widget-cms_heading\" data-id=\"16eef08\" data-element_type=\"widget\" data-widget_type=\"cms_heading.default\">\n\t\t\t\t<div class=\"elementor-widget-container\">\n\t\t\t<div class=\"cms-heading-wrapper cms-heading-layout1 \">\r\n            <div class=\"custom-subheading\">prihl\u00e1senie a uk\u00e1\u017eka obsahu aplik\u00e1cie<\/div>\r\n    \r\n        \r\n            <div class=\"custom-heading-description\">\r\n            Jednotliv\u00e9 t\u00e9my s\u00fa rozdelen\u00e9 do 2 levelov pod\u013ea obtia\u017enosti a <b>rozv\u00edjaj\u00fa jazykov\u00e9 kompetencie a funkcie jazyka relevantn\u00e9 pre prim\u00e1rne vzdel\u00e1vanie<\/b> a stanoven\u00e9 pre \u00farove\u0148 A 1.1.         <\/div>\r\n    <\/div>\t\t<\/div>\n\t\t\t\t<\/div>\n\t\t\t\t<div class=\"elementor-element elementor-element-13c3286 elementor-aspect-ratio-169 elementor-widget elementor-widget-video\" data-id=\"13c3286\" data-element_type=\"widget\" data-settings=\"{&quot;youtube_url&quot;:&quot;https:\\\/\\\/youtu.be\\\/VOW0M78IPr0&quot;,&quot;video_type&quot;:&quot;youtube&quot;,&quot;controls&quot;:&quot;yes&quot;,&quot;aspect_ratio&quot;:&quot;169&quot;}\" data-widget_type=\"video.default\">\n\t\t\t\t<div class=\"elementor-widget-container\">\n\t\t\t<style>\/*! elementor - v3.8.1 - 13-11-2022 *\/\n.elementor-widget-video .elementor-widget-container{overflow:hidden;-webkit-transform:translateZ(0);transform:translateZ(0)}.elementor-widget-video .elementor-open-inline .elementor-custom-embed-image-overlay{position:absolute;top:0;left:0;width:100%;height:100%;background-size:cover;background-position:50%}.elementor-widget-video .elementor-custom-embed-image-overlay{cursor:pointer;text-align:center}.elementor-widget-video .elementor-custom-embed-image-overlay:hover .elementor-custom-embed-play i{opacity:1}.elementor-widget-video .elementor-custom-embed-image-overlay img{display:block;width:100%}.elementor-widget-video .e-hosted-video .elementor-video{-o-object-fit:cover;object-fit:cover}.e-con-inner>.elementor-widget-video,.e-con>.elementor-widget-video{width:var(--container-widget-width,100%)}<\/style>\t\t<div class=\"elementor-wrapper elementor-fit-aspect-ratio elementor-open-inline\">\n\t\t\t<div class=\"elementor-video\"><\/div>\t\t<\/div>\n\t\t\t\t<\/div>\n\t\t\t\t<\/div>\n\t\t\t\t<div class=\"elementor-element elementor-element-4a46c43 elementor-widget elementor-widget-spacer\" data-id=\"4a46c43\" data-element_type=\"widget\" data-widget_type=\"spacer.default\">\n\t\t\t\t<div class=\"elementor-widget-container\">\n\t\t\t<style>\/*! elementor - v3.8.1 - 13-11-2022 *\/\n.elementor-column .elementor-spacer-inner{height:var(--spacer-size)}.e-con{--container-widget-width:100%}.e-con-inner>.elementor-widget-spacer,.e-con>.elementor-widget-spacer{width:var(--container-widget-width,var(--spacer-size));-ms-flex-item-align:stretch;align-self:stretch;-ms-flex-negative:0;flex-shrink:0}.e-con-inner>.elementor-widget-spacer>.elementor-widget-container,.e-con-inner>.elementor-widget-spacer>.elementor-widget-container>.elementor-spacer,.e-con>.elementor-widget-spacer>.elementor-widget-container,.e-con>.elementor-widget-spacer>.elementor-widget-container>.elementor-spacer{height:100%}.e-con-inner>.elementor-widget-spacer>.elementor-widget-container>.elementor-spacer>.elementor-spacer-inner,.e-con>.elementor-widget-spacer>.elementor-widget-container>.elementor-spacer>.elementor-spacer-inner{height:var(--container-widget-height,var(--spacer-size))}<\/style>\t\t<div class=\"elementor-spacer\">\n\t\t\t<div class=\"elementor-spacer-inner\"><\/div>\n\t\t<\/div>\n\t\t\t\t<\/div>\n\t\t\t\t<\/div>\n\t\t\t\t<div class=\"elementor-element elementor-element-b0942b5 elementor-widget elementor-widget-cms_button\" data-id=\"b0942b5\" data-element_type=\"widget\" data-widget_type=\"cms_button.default\">\n\t\t\t\t<div class=\"elementor-widget-container\">\n\t\t\t    <div id=\"cms_button-b0942b5\" class=\"cms-button-wrapper cms-button-layout1 \">\r\n        <a class=\"btn btn-primary-ol hv-secondary\" href=\"https:\/\/funtasy-english-app-frontend-918613031117.europe-central2.run.app\/\">\r\n             \r\n                                        <span class=\"btn-text\">\r\n                    VST\u00daPI\u0164 DO APLIK\u00c1CIE                <\/span>\r\n                    <\/a>\r\n    <\/div>\r\n\t\t<\/div>\n\t\t\t\t<\/div>\n\t\t        <\/div>\n        <\/div>\n        \t\t        <\/div>\n        <\/section>\n\t\t\t\t\t\t\t<\/div>\n\t\t","protected":false},"excerpt":{"rendered":"<h3>Mega Fun&amp;Games pack Level 2 obsahuje:<\/h3>\n<p>PRE U\u010cITE\u013dA<\/p>\n<ul>\n<li><strong>Portf\u00f3lio<\/strong> k Motiva\u010dn\u00e9mu pr\u00edbehu 2 (16 str\u00e1n) + n\u00e1lepky<\/li>\n<li><strong>Stolov\u00e9 a kartov\u00e9 hry<\/strong> k t\u00e9mam 2A + 2B (30ks)<\/li>\n<li><strong>Obr\u00e1zkov\u00e9 karty<\/strong> k t\u00e9mam 2A + 2B (109 ks)<\/li>\n<li><strong>Playground app<\/strong> (2A + 2B) <b>Pod\u013ea vami zvolen\u00e9ho variantu <\/b>(STANDARD, PREMIUM, EXCLUSIVE) n\u00e1jdete v aplik\u00e1cii aj <b>Edutainment aktivity, Pr\u00edpravy na hodiny, Testy, Landpassy a certifik\u00e1ty<\/b>.<\/li>\n<\/ul>\n<p>PRE \u017dIAKOV<\/p>\n<ul>\n<li><strong>Portf\u00f3lio<\/strong> k Motiva\u010dn\u00e9mu pr\u00edbehu 2 (pr\u00edbeh v oboch jazykoch a kreat\u00edvne \u00falohy+n\u00e1lepky)<\/li>\n<li><strong>Playground app<\/strong> (2A + 2B) V aplik\u00e1cii Playground n\u00e1jdete 10 n\u00e1zorn\u00fdch klipov, 10 piesn\u00ed v 3 verzi\u00e1ch, v\u00fdslovnos\u0165 s 276 slovami a fr\u00e1zami nahovoren\u00fa native speakrom, 188 interakt\u00edvnych hier, 43 str\u00e1n Art&amp;Craft portf\u00f3lia v pdf na vytla\u010denie a videon\u00e1vody a n\u00e1vody v pfd k stolov\u00fdm a kartov\u00fdm hr\u00e1m.)<\/li>\n<\/ul>\n<p><em>Rados\u0165 z u\u010denia angli\u010dtiny a kopec z\u00e1bavy v \u0161kole i doma.<\/em><\/p>\n[wpforms id=\"17660\"]\n","protected":false},"featured_media":15432,"template":"","meta":[],"product_brand":[],"product_cat":[66,46,62],"product_tag":[],"class_list":{"0":"post-17667","1":"product","2":"type-product","3":"status-publish","4":"has-post-thumbnail","6":"product_cat-zlavy","7":"product_cat-fungames-pack","8":"product_cat-pre-ucitelov","10":"first","11":"instock","12":"shipping-taxable","13":"product-type-simple"},"wcpa_form_fields":null,"_links":{"self":[{"href":"https:\/\/www.funtasyenglish.com\/wp-json\/wp\/v2\/product\/17667","targetHints":{"allow":["GET"]}}],"collection":[{"href":"https:\/\/www.funtasyenglish.com\/wp-json\/wp\/v2\/product"}],"about":[{"href":"https:\/\/www.funtasyenglish.com\/wp-json\/wp\/v2\/types\/product"}],"version-history":[{"count":1,"href":"https:\/\/www.funtasyenglish.com\/wp-json\/wp\/v2\/product\/17667\/revisions"}],"predecessor-version":[{"id":17671,"href":"https:\/\/www.funtasyenglish.com\/wp-json\/wp\/v2\/product\/17667\/revisions\/17671"}],"wp:featuredmedia":[{"embeddable":true,"href":"https:\/\/www.funtasyenglish.com\/wp-json\/wp\/v2\/media\/15432"}],"wp:attachment":[{"href":"https:\/\/www.funtasyenglish.com\/wp-json\/wp\/v2\/media?parent=17667"}],"wp:term":[{"taxonomy":"product_brand","embeddable":true,"href":"https:\/\/www.funtasyenglish.com\/wp-json\/wp\/v2\/product_brand?post=17667"},{"taxonomy":"product_cat","embeddable":true,"href":"https:\/\/www.funtasyenglish.com\/wp-json\/wp\/v2\/product_cat?post=17667"},{"taxonomy":"product_tag","embeddable":true,"href":"https:\/\/www.funtasyenglish.com\/wp-json\/wp\/v2\/product_tag?post=17667"}],"curies":[{"name":"wp","href":"https:\/\/api.w.org\/{rel}","templated":true}]}}