{"id":17045,"date":"2026-03-21T11:54:00","date_gmt":"2026-03-21T10:54:00","guid":{"rendered":"https:\/\/www.funtasyenglish.com\/?post_type=product&#038;p=17045"},"modified":"2026-03-21T12:06:30","modified_gmt":"2026-03-21T11:06:30","slug":"wanted-loved-chosen","status":"publish","type":"product","link":"https:\/\/www.funtasyenglish.com\/produkt\/wanted-loved-chosen\/","title":{"rendered":"Wanted Loved Chosen"},"content":{"rendered":"","protected":false},"excerpt":{"rendered":"<p>Autorsk\u00fd merch WANTED LOVED CHOSEN, ktor\u00fd je potla\u010den\u00fd na d\u00e1mske alebo p\u00e1nske tri\u010dko s kr\u00e1tkym ruk\u00e1vom. Tri\u010dko je k dispoz\u00edcii vo ve\u013ekostiach\u00a0 S, M, L a XL v bielej, \u0161edej, \u010dervenej, modrej, hnedej a \u010diernej farbe.<\/p>\n<p>Vytvorili sme aj detsk\u00e9 body pre 9 mesa\u010dn\u00e9 die\u0165a v \u0161edej farbe.<\/p>\n<p>Na objedn\u00e1vku vieme da\u0165 potla\u010di\u0165 aj na in\u00e9 ve\u013ekosti a farby tri\u010diek. S Va\u0161ou po\u017eiadavkou kontaktujte priamo OZ Domov je pr\u00edstav. (domovjepristav@gmail.com, 0949 269 537)<\/p>\n<p>K\u00fapou podpor\u00edte <a href=\"https:\/\/youtu.be\/yJDZNnvWGE8\">OZ Domov je pr\u00edstav.<\/a><\/p>\n","protected":false},"featured_media":16935,"template":"","meta":[],"product_brand":[],"product_cat":[125],"product_tag":[],"class_list":{"0":"post-17045","1":"product","2":"type-product","3":"status-publish","4":"has-post-thumbnail","6":"product_cat-oz-djp","7":"pa_farba-cervena","8":"pa_farba-biela","9":"pa_farba-cierna","10":"pa_farba-hneda","11":"pa_farba-modra","12":"pa_farba-seda","14":"first","15":"instock","16":"shipping-taxable","17":"purchasable","18":"product-type-variable","19":"nyp-product"},"wcpa_form_fields":null,"_links":{"self":[{"href":"https:\/\/www.funtasyenglish.com\/wp-json\/wp\/v2\/product\/17045","targetHints":{"allow":["GET"]}}],"collection":[{"href":"https:\/\/www.funtasyenglish.com\/wp-json\/wp\/v2\/product"}],"about":[{"href":"https:\/\/www.funtasyenglish.com\/wp-json\/wp\/v2\/types\/product"}],"version-history":[{"count":4,"href":"https:\/\/www.funtasyenglish.com\/wp-json\/wp\/v2\/product\/17045\/revisions"}],"predecessor-version":[{"id":17080,"href":"https:\/\/www.funtasyenglish.com\/wp-json\/wp\/v2\/product\/17045\/revisions\/17080"}],"wp:featuredmedia":[{"embeddable":true,"href":"https:\/\/www.funtasyenglish.com\/wp-json\/wp\/v2\/media\/16935"}],"wp:attachment":[{"href":"https:\/\/www.funtasyenglish.com\/wp-json\/wp\/v2\/media?parent=17045"}],"wp:term":[{"taxonomy":"product_brand","embeddable":true,"href":"https:\/\/www.funtasyenglish.com\/wp-json\/wp\/v2\/product_brand?post=17045"},{"taxonomy":"product_cat","embeddable":true,"href":"https:\/\/www.funtasyenglish.com\/wp-json\/wp\/v2\/product_cat?post=17045"},{"taxonomy":"product_tag","embeddable":true,"href":"https:\/\/www.funtasyenglish.com\/wp-json\/wp\/v2\/product_tag?post=17045"}],"curies":[{"name":"wp","href":"https:\/\/api.w.org\/{rel}","templated":true}]}}