{"id":17042,"date":"2026-03-21T11:45:21","date_gmt":"2026-03-21T10:45:21","guid":{"rendered":"https:\/\/www.funtasyenglish.com\/?post_type=product&#038;p=17042"},"modified":"2026-03-21T11:50:42","modified_gmt":"2026-03-21T10:50:42","slug":"boziatko-damske","status":"publish","type":"product","link":"https:\/\/www.funtasyenglish.com\/produkt\/boziatko-damske\/","title":{"rendered":"Bo\u017eiatko &#8211; d\u00e1mske"},"content":{"rendered":"","protected":false},"excerpt":{"rendered":"<p>Autorsk\u00fd obr\u00e1zok \u013dubky, ktor\u00fd je potla\u010den\u00fd na d\u00e1mske tri\u010dko s kr\u00e1tkym ruk\u00e1vom. Tri\u010dko je k dispoz\u00edcii pre d\u00e1my vo ve\u013ekostiach\u00a0 S, M, L a XL v bordovej, bielej, bledomodrej a \u010diernej farbe.<\/p>\n<p>Na objedn\u00e1vku vieme da\u0165 potla\u010di\u0165 aj na in\u00e9 ve\u013ekosti a farby tri\u010diek. S Va\u0161ou po\u017eiadavkou kontaktujte priamo OZ Domov je pr\u00edstav. (domovjepristav@gmail.com, 0949 269 537)<\/p>\n<p>K\u00fapou podpor\u00edte <a href=\"https:\/\/youtu.be\/yJDZNnvWGE8\">OZ Domov je pr\u00edstav.<\/a><\/p>\n","protected":false},"featured_media":16877,"template":"","meta":[],"product_brand":[],"product_cat":[125],"product_tag":[],"class_list":{"0":"post-17042","1":"product","2":"type-product","3":"status-publish","4":"has-post-thumbnail","6":"product_cat-oz-djp","7":"pa_farba-biela","8":"pa_farba-bledomodra","9":"pa_farba-bordova","10":"pa_farba-cierna","12":"first","13":"instock","14":"shipping-taxable","15":"purchasable","16":"product-type-variable","17":"nyp-product"},"wcpa_form_fields":null,"_links":{"self":[{"href":"https:\/\/www.funtasyenglish.com\/wp-json\/wp\/v2\/product\/17042","targetHints":{"allow":["GET"]}}],"collection":[{"href":"https:\/\/www.funtasyenglish.com\/wp-json\/wp\/v2\/product"}],"about":[{"href":"https:\/\/www.funtasyenglish.com\/wp-json\/wp\/v2\/types\/product"}],"version-history":[{"count":1,"href":"https:\/\/www.funtasyenglish.com\/wp-json\/wp\/v2\/product\/17042\/revisions"}],"predecessor-version":[{"id":17044,"href":"https:\/\/www.funtasyenglish.com\/wp-json\/wp\/v2\/product\/17042\/revisions\/17044"}],"wp:featuredmedia":[{"embeddable":true,"href":"https:\/\/www.funtasyenglish.com\/wp-json\/wp\/v2\/media\/16877"}],"wp:attachment":[{"href":"https:\/\/www.funtasyenglish.com\/wp-json\/wp\/v2\/media?parent=17042"}],"wp:term":[{"taxonomy":"product_brand","embeddable":true,"href":"https:\/\/www.funtasyenglish.com\/wp-json\/wp\/v2\/product_brand?post=17042"},{"taxonomy":"product_cat","embeddable":true,"href":"https:\/\/www.funtasyenglish.com\/wp-json\/wp\/v2\/product_cat?post=17042"},{"taxonomy":"product_tag","embeddable":true,"href":"https:\/\/www.funtasyenglish.com\/wp-json\/wp\/v2\/product_tag?post=17042"}],"curies":[{"name":"wp","href":"https:\/\/api.w.org\/{rel}","templated":true}]}}