{"id":16983,"date":"2026-03-21T11:30:00","date_gmt":"2026-03-21T10:30:00","guid":{"rendered":"https:\/\/www.funtasyenglish.com\/?post_type=product&#038;p=16983"},"modified":"2026-03-21T11:52:30","modified_gmt":"2026-03-21T10:52:30","slug":"boziatko-dievcenske","status":"publish","type":"product","link":"https:\/\/www.funtasyenglish.com\/produkt\/boziatko-dievcenske\/","title":{"rendered":"Bo\u017eiatko &#8211; diev\u010densk\u00e9"},"content":{"rendered":"","protected":false},"excerpt":{"rendered":"<p>Autorsk\u00fd obr\u00e1zok \u013dubky, ktor\u00fd je potla\u010den\u00fd na detsk\u00e9 alebo d\u00e1mske tri\u010dko s kr\u00e1tkym ruk\u00e1vom. Tri\u010dko je k dispoz\u00edcii pre 7-8 ro\u010dn\u00e9 deti v ru\u017eovej, tyrkysovej a bielej farbe.<\/p>\n<p>Na objedn\u00e1vku vieme da\u0165 potla\u010di\u0165 aj na in\u00e9 ve\u013ekosti a farby tri\u010diek. S Va\u0161ou po\u017eiadavkou kontaktujte priamo OZ Domov je pr\u00edstav. (domovjepristav@gmail.com, 0949 269 537)<\/p>\n<p>K\u00fapou podpor\u00edte <a href=\"https:\/\/youtu.be\/yJDZNnvWGE8\">OZ Domov je pr\u00edstav.<\/a><\/p>\n","protected":false},"featured_media":16880,"template":"","meta":[],"product_brand":[],"product_cat":[125],"product_tag":[],"class_list":{"0":"post-16983","1":"product","2":"type-product","3":"status-publish","4":"has-post-thumbnail","6":"product_cat-oz-djp","7":"pa_farba-biela","8":"pa_farba-ruzova","9":"pa_farba-tyrkysovomodra","11":"first","12":"instock","13":"shipping-taxable","14":"purchasable","15":"product-type-variable","16":"nyp-product"},"wcpa_form_fields":null,"_links":{"self":[{"href":"https:\/\/www.funtasyenglish.com\/wp-json\/wp\/v2\/product\/16983","targetHints":{"allow":["GET"]}}],"collection":[{"href":"https:\/\/www.funtasyenglish.com\/wp-json\/wp\/v2\/product"}],"about":[{"href":"https:\/\/www.funtasyenglish.com\/wp-json\/wp\/v2\/types\/product"}],"version-history":[{"count":1,"href":"https:\/\/www.funtasyenglish.com\/wp-json\/wp\/v2\/product\/16983\/revisions"}],"predecessor-version":[{"id":17041,"href":"https:\/\/www.funtasyenglish.com\/wp-json\/wp\/v2\/product\/16983\/revisions\/17041"}],"wp:featuredmedia":[{"embeddable":true,"href":"https:\/\/www.funtasyenglish.com\/wp-json\/wp\/v2\/media\/16880"}],"wp:attachment":[{"href":"https:\/\/www.funtasyenglish.com\/wp-json\/wp\/v2\/media?parent=16983"}],"wp:term":[{"taxonomy":"product_brand","embeddable":true,"href":"https:\/\/www.funtasyenglish.com\/wp-json\/wp\/v2\/product_brand?post=16983"},{"taxonomy":"product_cat","embeddable":true,"href":"https:\/\/www.funtasyenglish.com\/wp-json\/wp\/v2\/product_cat?post=16983"},{"taxonomy":"product_tag","embeddable":true,"href":"https:\/\/www.funtasyenglish.com\/wp-json\/wp\/v2\/product_tag?post=16983"}],"curies":[{"name":"wp","href":"https:\/\/api.w.org\/{rel}","templated":true}]}}