{"id":16869,"date":"2026-03-19T14:53:18","date_gmt":"2026-03-19T13:53:18","guid":{"rendered":"https:\/\/www.funtasyenglish.com\/?post_type=product&#038;p=16869"},"modified":"2026-03-21T11:28:56","modified_gmt":"2026-03-21T10:28:56","slug":"boziatko","status":"publish","type":"product","link":"https:\/\/www.funtasyenglish.com\/produkt\/boziatko\/","title":{"rendered":"Bo\u017eiatko &#8211; do 2 rokov"},"content":{"rendered":"","protected":false},"excerpt":{"rendered":"<p>Autorsk\u00fd obr\u00e1zok \u013dubky, ktor\u00fd je potla\u010den\u00fd na tri\u010dko\u00a0 alebo body. Tri\u010dko je k dispoz\u00edcii pre 18m a 24m deti s kr\u00e1tkym aj dlh\u00fdm ruk\u00e1vom. Detsk\u00e9 body s dlh\u00fdm ruk\u00e1vom je pre 12 mesa\u010dn\u00e9 die\u0165a.<\/p>\n<p>Na objedn\u00e1vku vieme da\u0165 potla\u010di\u0165 aj na in\u00e9 ve\u013ekosti tri\u010diek. Kontaktujte priamo OZ Domov je pr\u00edstav. (domovjepristav@gmail.com, 0949 269 537)<\/p>\n<p>K\u00fapou podpor\u00edte <a href=\"https:\/\/youtu.be\/yJDZNnvWGE8\">OZ Domov je pr\u00edstav.<\/a><\/p>\n","protected":false},"featured_media":16955,"template":"","meta":[],"product_brand":[],"product_cat":[125],"product_tag":[],"class_list":{"0":"post-16869","1":"product","2":"type-product","3":"status-publish","4":"has-post-thumbnail","6":"product_cat-oz-djp","8":"first","9":"instock","10":"shipping-taxable","11":"purchasable","12":"product-type-variable","13":"nyp-product"},"wcpa_form_fields":null,"_links":{"self":[{"href":"https:\/\/www.funtasyenglish.com\/wp-json\/wp\/v2\/product\/16869","targetHints":{"allow":["GET"]}}],"collection":[{"href":"https:\/\/www.funtasyenglish.com\/wp-json\/wp\/v2\/product"}],"about":[{"href":"https:\/\/www.funtasyenglish.com\/wp-json\/wp\/v2\/types\/product"}],"version-history":[{"count":3,"href":"https:\/\/www.funtasyenglish.com\/wp-json\/wp\/v2\/product\/16869\/revisions"}],"predecessor-version":[{"id":16981,"href":"https:\/\/www.funtasyenglish.com\/wp-json\/wp\/v2\/product\/16869\/revisions\/16981"}],"wp:featuredmedia":[{"embeddable":true,"href":"https:\/\/www.funtasyenglish.com\/wp-json\/wp\/v2\/media\/16955"}],"wp:attachment":[{"href":"https:\/\/www.funtasyenglish.com\/wp-json\/wp\/v2\/media?parent=16869"}],"wp:term":[{"taxonomy":"product_brand","embeddable":true,"href":"https:\/\/www.funtasyenglish.com\/wp-json\/wp\/v2\/product_brand?post=16869"},{"taxonomy":"product_cat","embeddable":true,"href":"https:\/\/www.funtasyenglish.com\/wp-json\/wp\/v2\/product_cat?post=16869"},{"taxonomy":"product_tag","embeddable":true,"href":"https:\/\/www.funtasyenglish.com\/wp-json\/wp\/v2\/product_tag?post=16869"}],"curies":[{"name":"wp","href":"https:\/\/api.w.org\/{rel}","templated":true}]}}