{"id":16352,"date":"2026-02-10T15:09:45","date_gmt":"2026-02-10T14:09:45","guid":{"rendered":"https:\/\/www.funtasyenglish.com\/?post_type=product&#038;p=16352"},"modified":"2026-02-10T15:43:30","modified_gmt":"2026-02-10T14:43:30","slug":"online-1-to-1-test","status":"publish","type":"product","link":"https:\/\/www.funtasyenglish.com\/produkt\/online-1-to-1-test\/","title":{"rendered":"Online 1 to 1 test"},"content":{"rendered":"<p>Unik\u00e1tne testovanie one to one.<\/p>\n","protected":false},"excerpt":{"rendered":"<p><strong>Online 1 to 1 test<\/strong> je koncipovan\u00fd tak, aby sme<strong> zistili nadobudnut\u00fa jazykov\u00fa \u00farove\u0148 die\u0165a\u0165a po absolvovan\u00ed jednotliv\u00fdch levelov (1A-2B) <\/strong><\/p>\n<ul>\n<li>v <strong>Playground app<\/strong>,<\/li>\n<li>po\u010das kurzu <strong>FE Course <\/strong><\/li>\n<li>alebo pou\u017e\u00edvan\u00edm eduka\u010dn\u00e9ho materi\u00e1lu <strong>Fun&amp;Games pack.<\/strong><\/li>\n<\/ul>\n<p>Test je zameran\u00fd najm\u00e4 na<strong> po\u010d\u00favanie s porozumen\u00edm a komunik\u00e1ciu, <\/strong>no v Leveli 2 m\u00f4\u017ee obsahova\u0165 aj cvi\u010denia na \u010d\u00edtanie s porozumen\u00edm a p\u00edsanie. Test pozost\u00e1va z viacer\u00fdch \u010dast\u00ed a trv\u00e1 do <strong>50 min\u00fat.\u00a0<\/strong> Po objednan\u00ed dostanete mailom bli\u017e\u0161ie in\u0161trukcie a telefonicky si dohodneme term\u00edn online testovania. Pre lep\u0161ie zhodnotenie \u00farovne a mo\u017enos\u0165 urobi\u0165 detailnej\u0161iu anal\u00fdzu v\u00fdsledkov bude <strong>testovanie nahr\u00e1van\u00e9<\/strong>. <strong>Registr\u00e1ciou a zaplaten\u00edm beriete na vedomie tieto skuto\u010dnosti.\u00a0<\/strong> Po ukon\u010den\u00ed testovania V\u00e1m <strong>za\u0161leme v\u00fdsledky, zhodnot\u00edme \u00farove\u0148 a<\/strong> <strong>odporu\u010d\u00edme ako \u010falej s die\u0165a\u0165om napredova\u0165.\u00a0<\/strong><\/p>\n[wpforms id=\"16358\"]\n","protected":false},"featured_media":7496,"template":"","meta":[],"product_brand":[],"product_cat":[51],"product_tag":[],"class_list":{"0":"post-16352","1":"product","2":"type-product","3":"status-publish","4":"has-post-thumbnail","6":"product_cat-rozne","8":"first","9":"instock","10":"virtual","11":"purchasable","12":"product-type-simple"},"wcpa_form_fields":null,"_links":{"self":[{"href":"https:\/\/www.funtasyenglish.com\/wp-json\/wp\/v2\/product\/16352","targetHints":{"allow":["GET"]}}],"collection":[{"href":"https:\/\/www.funtasyenglish.com\/wp-json\/wp\/v2\/product"}],"about":[{"href":"https:\/\/www.funtasyenglish.com\/wp-json\/wp\/v2\/types\/product"}],"version-history":[{"count":4,"href":"https:\/\/www.funtasyenglish.com\/wp-json\/wp\/v2\/product\/16352\/revisions"}],"predecessor-version":[{"id":16364,"href":"https:\/\/www.funtasyenglish.com\/wp-json\/wp\/v2\/product\/16352\/revisions\/16364"}],"wp:featuredmedia":[{"embeddable":true,"href":"https:\/\/www.funtasyenglish.com\/wp-json\/wp\/v2\/media\/7496"}],"wp:attachment":[{"href":"https:\/\/www.funtasyenglish.com\/wp-json\/wp\/v2\/media?parent=16352"}],"wp:term":[{"taxonomy":"product_brand","embeddable":true,"href":"https:\/\/www.funtasyenglish.com\/wp-json\/wp\/v2\/product_brand?post=16352"},{"taxonomy":"product_cat","embeddable":true,"href":"https:\/\/www.funtasyenglish.com\/wp-json\/wp\/v2\/product_cat?post=16352"},{"taxonomy":"product_tag","embeddable":true,"href":"https:\/\/www.funtasyenglish.com\/wp-json\/wp\/v2\/product_tag?post=16352"}],"curies":[{"name":"wp","href":"https:\/\/api.w.org\/{rel}","templated":true}]}}