{"id":15938,"date":"2026-01-03T12:59:34","date_gmt":"2026-01-03T11:59:34","guid":{"rendered":"https:\/\/www.funtasyenglish.com\/?post_type=product&#038;p=15938"},"modified":"2026-01-03T17:59:13","modified_gmt":"2026-01-03T16:59:13","slug":"fruit-and-vegetables-obojstranne-19ks","status":"publish","type":"product","link":"https:\/\/www.funtasyenglish.com\/produkt\/fruit-and-vegetables-obojstranne-19ks\/","title":{"rendered":"Fruit and vegetables &#8211; obojstrann\u00e9 (19ks)"},"content":{"rendered":"","protected":false},"excerpt":{"rendered":"<h3>Obr\u00e1zkov\u00e9 karty (Fruit and vegetables)<\/h3>\n<p>Obojstrann\u00e9 obr\u00e1zkov\u00e9 karty (15ks) a jednostrann\u00e9 obr\u00e1zkov\u00e9 karty (4ks) vo form\u00e1te A5 s\u00fa potla\u010den\u00e9 na 300g papier.<\/p>\n<p><strong>Zapojenie viacer\u00fdch zmyslov a zru\u010dnost\u00ed (listening, speaking, reading) u\u013eah\u010duje u\u010denie a podporuje dlhodob\u00e9 zapam\u00e4tanie si slovnej z\u00e1soby.\u00a0<\/strong><\/p>\n<p>K\u00fapou tohto produktu podporujete \u010fal\u0161\u00ed v\u00fdvoj piesn\u00ed, hier a in\u00fdch didaktick\u00fdch materi\u00e1lov na vyu\u010dovanie angli\u010dtiny doma i v \u0161kole. \u010eakujeme, \u017ee s nimi budete nar\u00e1ba\u0165 s \u00factou vo\u010di autorom <a href=\"https:\/\/www.funtasyenglish.com\/autorske-prava\/\">re\u0161pektovan\u00edm autorsk\u00fdch pr\u00e1v a autorsk\u00e9ho z\u00e1kona.<\/a><\/p>\n","protected":false},"featured_media":15939,"template":"","meta":[],"product_brand":[],"product_cat":[118],"product_tag":[],"class_list":{"0":"post-15938","1":"product","2":"type-product","3":"status-publish","4":"has-post-thumbnail","6":"product_cat-obrazkove-karty","8":"first","9":"instock","10":"shipping-taxable","11":"purchasable","12":"product-type-simple"},"wcpa_form_fields":null,"_links":{"self":[{"href":"https:\/\/www.funtasyenglish.com\/wp-json\/wp\/v2\/product\/15938","targetHints":{"allow":["GET"]}}],"collection":[{"href":"https:\/\/www.funtasyenglish.com\/wp-json\/wp\/v2\/product"}],"about":[{"href":"https:\/\/www.funtasyenglish.com\/wp-json\/wp\/v2\/types\/product"}],"version-history":[{"count":1,"href":"https:\/\/www.funtasyenglish.com\/wp-json\/wp\/v2\/product\/15938\/revisions"}],"predecessor-version":[{"id":15940,"href":"https:\/\/www.funtasyenglish.com\/wp-json\/wp\/v2\/product\/15938\/revisions\/15940"}],"wp:featuredmedia":[{"embeddable":true,"href":"https:\/\/www.funtasyenglish.com\/wp-json\/wp\/v2\/media\/15939"}],"wp:attachment":[{"href":"https:\/\/www.funtasyenglish.com\/wp-json\/wp\/v2\/media?parent=15938"}],"wp:term":[{"taxonomy":"product_brand","embeddable":true,"href":"https:\/\/www.funtasyenglish.com\/wp-json\/wp\/v2\/product_brand?post=15938"},{"taxonomy":"product_cat","embeddable":true,"href":"https:\/\/www.funtasyenglish.com\/wp-json\/wp\/v2\/product_cat?post=15938"},{"taxonomy":"product_tag","embeddable":true,"href":"https:\/\/www.funtasyenglish.com\/wp-json\/wp\/v2\/product_tag?post=15938"}],"curies":[{"name":"wp","href":"https:\/\/api.w.org\/{rel}","templated":true}]}}