{"id":15509,"date":"2025-11-08T16:54:40","date_gmt":"2025-11-08T15:54:40","guid":{"rendered":"https:\/\/www.funtasyenglish.com\/?post_type=product&#038;p=15509"},"modified":"2025-11-08T17:15:20","modified_gmt":"2025-11-08T16:15:20","slug":"tricko-dlhy-rukav-rozne-farby","status":"publish","type":"product","link":"https:\/\/www.funtasyenglish.com\/produkt\/tricko-dlhy-rukav-rozne-farby\/","title":{"rendered":"Tri\u010dko, dlh\u00fd ruk\u00e1v (r\u00f4zne farby)"},"content":{"rendered":"<p>K\u00fapou tohto produktu podpor\u00edte <a href=\"https:\/\/youtu.be\/yJDZNnvWGE8\">OZ Domov je pr\u00edstav.<\/a><\/p>\n<p>OZ DJP podporuje v\u00fdchovno-vzdel\u00e1vacie aktivity det\u00ed zo soci\u00e1lne slab\u00fdch rod\u00edn. Deti podporujeme platen\u00edm kr\u00fa\u017ekov, \u0161kolsk\u00fdch a vzdel\u00e1vac\u00edch pom\u00f4cok, t\u00e1borov a stredo\u0161kol\u00e1kom prispievame na \u0161kolsk\u00e9 obedy a stu\u017ekov\u00fa. Okrem toho pripravujeme ka\u017edoro\u010dne viano\u010dn\u00e9 bal\u00ed\u010dky, ktor\u00e9 obsahuj\u00fa n\u00e1kupn\u00fa pouk\u00e1\u017eku na n\u00e1kup potrav\u00edn, vitam\u00edny a lieky a oble\u010denie.<\/p>\n<p>&nbsp;<\/p>\n<p>&nbsp;<\/p>\n","protected":false},"excerpt":{"rendered":"<p>Tri\u010dko s dlh\u00fdm ruk\u00e1vom s potla\u010dou na\u0161ich \u0161kriatkov v 2 farb\u00e1ch. (limetkov\u00e1, tyrkysov\u00e1)<\/p>\n<p>100% bavlna<\/p>\n<ul>\n<li>Ve\u013ekos\u0165: 134<\/li>\n<li>Ve\u013ekos\u0165: 146<\/li>\n<\/ul>\n<p>K\u00fapou tohto produktu podpor\u00edte <a href=\"https:\/\/youtu.be\/yJDZNnvWGE8\">OZ Domov je pr\u00edstav.<\/a><\/p>\n<div class=\"sku-item--sizeInfoItem--xpkw8zD\"><\/div>\n","protected":false},"featured_media":15524,"template":"","meta":[],"product_brand":[],"product_cat":[57],"product_tag":[],"class_list":{"0":"post-15509","1":"product","2":"type-product","3":"status-publish","4":"has-post-thumbnail","6":"product_cat-oblecenie","7":"pa_farba-limetkova","8":"pa_farba-tyrkysova","10":"first","11":"instock","12":"shipping-taxable","13":"purchasable","14":"product-type-variable"},"wcpa_form_fields":null,"_links":{"self":[{"href":"https:\/\/www.funtasyenglish.com\/wp-json\/wp\/v2\/product\/15509","targetHints":{"allow":["GET"]}}],"collection":[{"href":"https:\/\/www.funtasyenglish.com\/wp-json\/wp\/v2\/product"}],"about":[{"href":"https:\/\/www.funtasyenglish.com\/wp-json\/wp\/v2\/types\/product"}],"version-history":[{"count":2,"href":"https:\/\/www.funtasyenglish.com\/wp-json\/wp\/v2\/product\/15509\/revisions"}],"predecessor-version":[{"id":15526,"href":"https:\/\/www.funtasyenglish.com\/wp-json\/wp\/v2\/product\/15509\/revisions\/15526"}],"wp:featuredmedia":[{"embeddable":true,"href":"https:\/\/www.funtasyenglish.com\/wp-json\/wp\/v2\/media\/15524"}],"wp:attachment":[{"href":"https:\/\/www.funtasyenglish.com\/wp-json\/wp\/v2\/media?parent=15509"}],"wp:term":[{"taxonomy":"product_brand","embeddable":true,"href":"https:\/\/www.funtasyenglish.com\/wp-json\/wp\/v2\/product_brand?post=15509"},{"taxonomy":"product_cat","embeddable":true,"href":"https:\/\/www.funtasyenglish.com\/wp-json\/wp\/v2\/product_cat?post=15509"},{"taxonomy":"product_tag","embeddable":true,"href":"https:\/\/www.funtasyenglish.com\/wp-json\/wp\/v2\/product_tag?post=15509"}],"curies":[{"name":"wp","href":"https:\/\/api.w.org\/{rel}","templated":true}]}}