{"id":15281,"date":"2025-10-28T13:20:49","date_gmt":"2025-10-28T12:20:49","guid":{"rendered":"https:\/\/www.funtasyenglish.com\/?post_type=product&#038;p=15281"},"modified":"2026-03-04T12:14:32","modified_gmt":"2026-03-04T11:14:32","slug":"fungames-pack-2a-pre-rr","status":"publish","type":"product","link":"https:\/\/www.funtasyenglish.com\/produkt\/fungames-pack-2a-pre-rr\/","title":{"rendered":"Fun&#038;Games pack 2A"},"content":{"rendered":"\t\t<div data-elementor-type=\"product-post\" data-elementor-id=\"15281\" class=\"elementor elementor-15281\">\n\t\t\t\t\t\t\t        <section class=\"elementor-section elementor-top-section elementor-element elementor-element-16c65444 elementor-section-boxed elementor-section-height-default elementor-section-height-default\" data-id=\"16c65444\" data-element_type=\"section\" id=\"viac\">\n\t\t\n\t\t        <div class=\"elementor-container elementor-column-gap-default \" >\n\t\t        <div class=\"elementor-column elementor-col-100 elementor-top-column elementor-element elementor-element-4388320a\" data-id=\"4388320a\" data-element_type=\"column\">\n        <div class=\"elementor-widget-wrap elementor-element-populated\">\n                        \t\t<div class=\"elementor-element elementor-element-1c2b8c3e elementor-widget elementor-widget-text-editor\" data-id=\"1c2b8c3e\" data-element_type=\"widget\" data-widget_type=\"text-editor.default\">\n\t\t\t\t<div class=\"elementor-widget-container\">\n\t\t\t<style>\/*! elementor - v3.8.1 - 13-11-2022 *\/\n.elementor-widget-text-editor.elementor-drop-cap-view-stacked .elementor-drop-cap{background-color:#818a91;color:#fff}.elementor-widget-text-editor.elementor-drop-cap-view-framed .elementor-drop-cap{color:#818a91;border:3px solid;background-color:transparent}.elementor-widget-text-editor:not(.elementor-drop-cap-view-default) .elementor-drop-cap{margin-top:8px}.elementor-widget-text-editor:not(.elementor-drop-cap-view-default) .elementor-drop-cap-letter{width:1em;height:1em}.elementor-widget-text-editor .elementor-drop-cap{float:left;text-align:center;line-height:1;font-size:50px}.elementor-widget-text-editor .elementor-drop-cap-letter{display:inline-block}<\/style>\t\t\t\t<p>V pr\u00edpade, \u017ee sa nezobrazuj\u00fa 3 hry-produkty k t\u00e9me, nemus\u00ed to by\u0165 chyba. M\u00f4\u017ee nasta\u0165 situ\u00e1cia, kedy s t\u00fdmi ist\u00fdmi kartami je mo\u017en\u00e9 hra\u0165 viac hier.<\/p><p>Na stolov\u00e9 a kartov\u00e9 hry je nanesen\u00e1 vrstva \u0161peci\u00e1lnej f\u00f3lie (lamino) pre ich vy\u0161\u0161iu pevnos\u0165 a mechanick\u00fa odolnos\u0165. Hr\u00fabka papiera v\u0161etk\u00fdch tla\u010dov\u00edn je 300mg, \u010do zabezpe\u010duje komfort pri pou\u017e\u00edvan\u00ed.<\/p><p>K\u00fapou na\u0161ich produktov podporujete \u010fal\u0161\u00ed v\u00fdvoj piesn\u00ed, hier a in\u00fdch didaktick\u00fdch materi\u00e1lov na vyu\u010dovanie angli\u010dtiny doma i v \u0161kole. \u010eakujeme, \u017ee s nimi budete nar\u00e1ba\u0165 s \u00factou vo\u010di autorom <a href=\"https:\/\/funtasyenglish.com\/#zak\">re\u0161pektovan\u00edm autorsk\u00fdch pr\u00e1v a autorsk\u00e9ho z\u00e1kona.<\/a><\/p><p>Ale tie\u017e prispejete OZ Domov je pr\u00edstav, ktor\u00e9 podporuje rozvoj talentov det\u00ed zo soci\u00e1lne slab\u00fdch rod\u00edn.<\/p>\t\t\t\t\t\t<\/div>\n\t\t\t\t<\/div>\n\t\t        <\/div>\n        <\/div>\n        \t\t        <\/div>\n        <\/section>\n\t\t\t\t\t\t\t<\/div>\n\t\t","protected":false},"excerpt":{"rendered":"<h5>Fun&amp;Games pack 2A<\/h5>\n<ul>\n<li>Portf\u00f3lio k Motiva\u010dn\u00e9mu pr\u00edbehu 2 aj s n\u00e1lepkami (16 str\u00e1n pr\u00edbeh v oboch jazykoch a kreat\u00edvne \u00falohy)<\/li>\n<li>Stolov\u00e9 a kartov\u00e9 hry k t\u00e9mam 2A<\/li>\n<li>Playground app 2A<\/li>\n<\/ul>\n<p><strong>obsahuje t\u00fato slovn\u00fa z\u00e1sobu a gramatiku:<\/strong><\/p>\n<ul>\n<li>My body (\u010dasti tela)<\/li>\n<li>Phrasal verbs, G<span style=\"letter-spacing: 0px;\">iving instructions, Imperative <\/span>(put in, put out, stamp, clap, shake, move &#8230;)<\/li>\n<li>What are they like? (Adjectives &#8211; people\u00b4descriptions or characteristics: strong, big, small, happy, rich, mean,&#8230;)<\/li>\n<li>Verb to be: affirmative, 3.person &#8211; Uncle Jim is fit and slim. (sloveso by\u0165 v 3.os. sg.)<\/li>\n<li>Possessive s (grandma&#8217;s cake, cousin&#8217;s ball, &#8230;) &#8211; privlas\u0148ovanie<\/li>\n<li>Wh-questions: Who is fit and slim?\u00a0 (opytovacie z\u00e1men\u00e1)<\/li>\n<li>My house (parts of the house: bedroom, bathroom, living room, kitchen,&#8230;) a zariadenie izieb (towel, sofa, cup, oven, &#8230;)<\/li>\n<li>Verbs (have, eat, sleep, keep, watch, wash) affirmative, 1.person &#8211; I sleep in my bedroom.<\/li>\n<li>Wh-questions: Where<\/li>\n<li>Articles: a\/an<\/li>\n<li>Clean up (room equipment: bed, shelf, windows, carpet, chair, &#8230;)<\/li>\n<li>Prepositions of place: in, on, under, behind, above<\/li>\n<li>There is\/There are<\/li>\n<li>Christmas vocabulary in sg. and pl. (tree,\u00a0 snowmen, snowflakes, reindeer, sleighs, angels)<\/li>\n<li>Irregular nouns (snowman &#8211; snowmen,, a reindeer &#8211; reindeer) &#8211; neprevideln\u00fd plur\u00e1l<\/li>\n<li>Present Continuous (Angels are singing.) &#8211; Pr\u00edt,priebehov\u00fd \u010das<\/li>\n<\/ul>\n<p><strong>Viac info v popise. <a href=\"#viac\">(viac)<\/a><\/strong><\/p>\n<h5><!--more--><\/h5>\n","protected":false},"featured_media":15286,"template":"","meta":[],"product_brand":[],"product_cat":[46,63],"product_tag":[],"class_list":{"0":"post-15281","1":"product","2":"type-product","3":"status-publish","4":"has-post-thumbnail","6":"product_cat-fungames-pack","7":"product_cat-pre-rodicov","9":"first","10":"instock","11":"shipping-taxable","12":"purchasable","13":"product-type-woosb"},"wcpa_form_fields":null,"_links":{"self":[{"href":"https:\/\/www.funtasyenglish.com\/wp-json\/wp\/v2\/product\/15281","targetHints":{"allow":["GET"]}}],"collection":[{"href":"https:\/\/www.funtasyenglish.com\/wp-json\/wp\/v2\/product"}],"about":[{"href":"https:\/\/www.funtasyenglish.com\/wp-json\/wp\/v2\/types\/product"}],"version-history":[{"count":7,"href":"https:\/\/www.funtasyenglish.com\/wp-json\/wp\/v2\/product\/15281\/revisions"}],"predecessor-version":[{"id":16585,"href":"https:\/\/www.funtasyenglish.com\/wp-json\/wp\/v2\/product\/15281\/revisions\/16585"}],"wp:featuredmedia":[{"embeddable":true,"href":"https:\/\/www.funtasyenglish.com\/wp-json\/wp\/v2\/media\/15286"}],"wp:attachment":[{"href":"https:\/\/www.funtasyenglish.com\/wp-json\/wp\/v2\/media?parent=15281"}],"wp:term":[{"taxonomy":"product_brand","embeddable":true,"href":"https:\/\/www.funtasyenglish.com\/wp-json\/wp\/v2\/product_brand?post=15281"},{"taxonomy":"product_cat","embeddable":true,"href":"https:\/\/www.funtasyenglish.com\/wp-json\/wp\/v2\/product_cat?post=15281"},{"taxonomy":"product_tag","embeddable":true,"href":"https:\/\/www.funtasyenglish.com\/wp-json\/wp\/v2\/product_tag?post=15281"}],"curies":[{"name":"wp","href":"https:\/\/api.w.org\/{rel}","templated":true}]}}