{"id":15261,"date":"2025-10-28T12:29:36","date_gmt":"2025-10-28T11:29:36","guid":{"rendered":"https:\/\/www.funtasyenglish.com\/?post_type=product&#038;p=15261"},"modified":"2026-03-04T12:13:58","modified_gmt":"2026-03-04T11:13:58","slug":"fungames-pack-1b-pre-rr","status":"publish","type":"product","link":"https:\/\/www.funtasyenglish.com\/produkt\/fungames-pack-1b-pre-rr\/","title":{"rendered":"Fun&#038;Games pack 1B"},"content":{"rendered":"\t\t<div data-elementor-type=\"product-post\" data-elementor-id=\"15261\" class=\"elementor elementor-15261\">\n\t\t\t\t\t\t\t        <section class=\"elementor-section elementor-top-section elementor-element elementor-element-16c65444 elementor-section-boxed elementor-section-height-default elementor-section-height-default\" data-id=\"16c65444\" data-element_type=\"section\" id=\"viac\">\n\t\t\n\t\t        <div class=\"elementor-container elementor-column-gap-default \" >\n\t\t        <div class=\"elementor-column elementor-col-100 elementor-top-column elementor-element elementor-element-4388320a\" data-id=\"4388320a\" data-element_type=\"column\">\n        <div class=\"elementor-widget-wrap elementor-element-populated\">\n                        \t\t<div class=\"elementor-element elementor-element-1c2b8c3e elementor-widget elementor-widget-text-editor\" data-id=\"1c2b8c3e\" data-element_type=\"widget\" data-widget_type=\"text-editor.default\">\n\t\t\t\t<div class=\"elementor-widget-container\">\n\t\t\t<style>\/*! elementor - v3.8.1 - 13-11-2022 *\/\n.elementor-widget-text-editor.elementor-drop-cap-view-stacked .elementor-drop-cap{background-color:#818a91;color:#fff}.elementor-widget-text-editor.elementor-drop-cap-view-framed .elementor-drop-cap{color:#818a91;border:3px solid;background-color:transparent}.elementor-widget-text-editor:not(.elementor-drop-cap-view-default) .elementor-drop-cap{margin-top:8px}.elementor-widget-text-editor:not(.elementor-drop-cap-view-default) .elementor-drop-cap-letter{width:1em;height:1em}.elementor-widget-text-editor .elementor-drop-cap{float:left;text-align:center;line-height:1;font-size:50px}.elementor-widget-text-editor .elementor-drop-cap-letter{display:inline-block}<\/style>\t\t\t\t<p>V pr\u00edpade, \u017ee sa nezobrazuj\u00fa 3 hry-produkty k 1 t\u00e9me, nemus\u00ed to by\u0165 chyba. M\u00f4\u017ee nasta\u0165 situ\u00e1cia, kedy s t\u00fdmi ist\u00fdmi kartami je mo\u017en\u00e9 hra\u0165 viac hier.<\/p><p>Na stolov\u00e9 a kartov\u00e9 hry je nanesen\u00e1 vrstva \u0161peci\u00e1lnej f\u00f3lie (lamino) pre ich vy\u0161\u0161iu pevnos\u0165 a mechanick\u00fa odolnos\u0165. Hr\u00fabka papiera v\u0161etk\u00fdch tla\u010dov\u00edn je 300mg, \u010do zabezpe\u010duje komfort pri pou\u017e\u00edvan\u00ed.<\/p><p>K\u00fapou na\u0161ich produktov podporujete \u010fal\u0161\u00ed v\u00fdvoj piesn\u00ed, hier a in\u00fdch didaktick\u00fdch materi\u00e1lov na vyu\u010dovanie angli\u010dtiny doma i v \u0161kole. \u010eakujeme, \u017ee s nimi budete nar\u00e1ba\u0165 s \u00factou vo\u010di autorom <a href=\"https:\/\/funtasyenglish.com\/#zak\">re\u0161pektovan\u00edm autorsk\u00fdch pr\u00e1v a autorsk\u00e9ho z\u00e1kona.<\/a><\/p><p>Ale tie\u017e prispejete OZ Domov je pr\u00edstav, ktor\u00e9 podporuje rozvoj talentov det\u00ed zo soci\u00e1lne slab\u00fdch rod\u00edn.<\/p>\t\t\t\t\t\t<\/div>\n\t\t\t\t<\/div>\n\t\t        <\/div>\n        <\/div>\n        \t\t        <\/div>\n        <\/section>\n\t\t\t\t\t\t\t<\/div>\n\t\t","protected":false},"excerpt":{"rendered":"<h5>Fun&amp;Games pack 1B<\/h5>\n<ul>\n<li>Portf\u00f3lio k Motiva\u010dn\u00e9mu pr\u00edbehu 1 (16 str\u00e1n pr\u00edbeh v oboch jazykoch a kreat\u00edvne \u00falohy)<\/li>\n<li>Stolov\u00e9 a kartov\u00e9 hry k t\u00e9mam 1B<\/li>\n<li>Playground app 1B<\/li>\n<\/ul>\n<p><strong>obsahuje t\u00fato slovn\u00fa z\u00e1sobu a gramatiku:<\/strong><\/p>\n<ul>\n<li>Classroom (Tools in sg. or pl.: pen-pens, pencil-pencils, rubber-rubbers, &#8230;)<\/li>\n<li>Articles a\/an (\u010dleny)<\/li>\n<li>Verbs (go, sit, open, take out, get out, want)<\/li>\n<li>Giving instructions. Imperative (D\u00e1vanie in\u0161trukci\u00ed. Rozkazovac\u00ed sp\u00f4sob)<\/li>\n<li>Possessive pronouns: my, your (privlast\u0148ovacie z\u00e1men\u00e1)<\/li>\n<li>Family (members)<\/li>\n<li>Demonstrative pronoun: this (ukazovacie z\u00e1meno)<\/li>\n<li>Possessive pronouns: her, his, our (privlast\u0148ovacie z\u00e1men\u00e1)<\/li>\n<li>Wh-questions: Who is this?\u00a0 (opytovacie z\u00e1men\u00e1)<\/li>\n<li>Modal verb can: affirmative, negative, question, shor answers (sloveso can + &#8211; ?)<\/li>\n<li>Adverbs: fast, high, well, deep, far (pr\u00edslovky)<\/li>\n<li>Verbs: ski, sing, swim, run, jump (sloves\u00e1)<\/li>\n<li>Fruit and vegetables in sg. or pl.: a plum &#8211; plums, a bean &#8211; beans, &#8230;)<\/li>\n<li>Articles a\/an (\u010dleny)<\/li>\n<li>Verb to like: affirmative, negative, sg., 1. person (sloveso like &#8211; ma\u0165 r\u00e1d v 1.os.sg.) &#8211; I like apples.\/I don&#8217;tlike bananas. Do you like carrots?<\/li>\n<\/ul>\n<p><strong>Viac info v popise. <a href=\"#viac\">(viac)<\/a><\/strong><\/p>\n<h5><!--more--><\/h5>\n","protected":false},"featured_media":15266,"template":"","meta":[],"product_brand":[],"product_cat":[46,63],"product_tag":[],"class_list":{"0":"post-15261","1":"product","2":"type-product","3":"status-publish","4":"has-post-thumbnail","6":"product_cat-fungames-pack","7":"product_cat-pre-rodicov","9":"first","10":"instock","11":"shipping-taxable","12":"purchasable","13":"product-type-woosb"},"wcpa_form_fields":null,"_links":{"self":[{"href":"https:\/\/www.funtasyenglish.com\/wp-json\/wp\/v2\/product\/15261","targetHints":{"allow":["GET"]}}],"collection":[{"href":"https:\/\/www.funtasyenglish.com\/wp-json\/wp\/v2\/product"}],"about":[{"href":"https:\/\/www.funtasyenglish.com\/wp-json\/wp\/v2\/types\/product"}],"version-history":[{"count":6,"href":"https:\/\/www.funtasyenglish.com\/wp-json\/wp\/v2\/product\/15261\/revisions"}],"predecessor-version":[{"id":16531,"href":"https:\/\/www.funtasyenglish.com\/wp-json\/wp\/v2\/product\/15261\/revisions\/16531"}],"wp:featuredmedia":[{"embeddable":true,"href":"https:\/\/www.funtasyenglish.com\/wp-json\/wp\/v2\/media\/15266"}],"wp:attachment":[{"href":"https:\/\/www.funtasyenglish.com\/wp-json\/wp\/v2\/media?parent=15261"}],"wp:term":[{"taxonomy":"product_brand","embeddable":true,"href":"https:\/\/www.funtasyenglish.com\/wp-json\/wp\/v2\/product_brand?post=15261"},{"taxonomy":"product_cat","embeddable":true,"href":"https:\/\/www.funtasyenglish.com\/wp-json\/wp\/v2\/product_cat?post=15261"},{"taxonomy":"product_tag","embeddable":true,"href":"https:\/\/www.funtasyenglish.com\/wp-json\/wp\/v2\/product_tag?post=15261"}],"curies":[{"name":"wp","href":"https:\/\/api.w.org\/{rel}","templated":true}]}}