{"id":14975,"date":"2025-10-26T13:10:36","date_gmt":"2025-10-26T12:10:36","guid":{"rendered":"https:\/\/www.funtasyenglish.com\/?post_type=product&#038;p=14975"},"modified":"2026-01-06T12:27:40","modified_gmt":"2026-01-06T11:27:40","slug":"piesne-level-2a","status":"publish","type":"product","link":"https:\/\/www.funtasyenglish.com\/produkt\/piesne-level-2a\/","title":{"rendered":"Piesne Level 2A"},"content":{"rendered":"\t\t<div data-elementor-type=\"product-post\" data-elementor-id=\"14975\" class=\"elementor elementor-14975\">\n\t\t\t\t\t\t\t        <section class=\"elementor-section elementor-top-section elementor-element elementor-element-3c974ce6 elementor-section-boxed elementor-section-height-default elementor-section-height-default\" data-id=\"3c974ce6\" data-element_type=\"section\">\n\t\t\n\t\t        <div class=\"elementor-container elementor-column-gap-default \" >\n\t\t        <div class=\"elementor-column elementor-col-100 elementor-top-column elementor-element elementor-element-30019b56\" data-id=\"30019b56\" data-element_type=\"column\">\n        <div class=\"elementor-widget-wrap elementor-element-populated\">\n                        \t\t<div class=\"elementor-element elementor-element-7646e9b1 elementor-widget elementor-widget-text-editor\" data-id=\"7646e9b1\" data-element_type=\"widget\" id=\"viac\" data-widget_type=\"text-editor.default\">\n\t\t\t\t<div class=\"elementor-widget-container\">\n\t\t\t<style>\/*! elementor - v3.8.1 - 13-11-2022 *\/\n.elementor-widget-text-editor.elementor-drop-cap-view-stacked .elementor-drop-cap{background-color:#818a91;color:#fff}.elementor-widget-text-editor.elementor-drop-cap-view-framed .elementor-drop-cap{color:#818a91;border:3px solid;background-color:transparent}.elementor-widget-text-editor:not(.elementor-drop-cap-view-default) .elementor-drop-cap{margin-top:8px}.elementor-widget-text-editor:not(.elementor-drop-cap-view-default) .elementor-drop-cap-letter{width:1em;height:1em}.elementor-widget-text-editor .elementor-drop-cap{float:left;text-align:center;line-height:1;font-size:50px}.elementor-widget-text-editor .elementor-drop-cap-letter{display:inline-block}<\/style>\t\t\t\tKa\u017ed\u00e1 piese\u0148 je s\u00fa\u010das\u0165ou\r\n<ul>\r\n \t<li><a href=\"https:\/\/www.funtasyenglish.com\/fun-games-pack_2\/\">Fun&amp;Games pack pre u\u010dite\u013eov<\/a><\/li>\r\n \t<li><a href=\"https:\/\/www.funtasyenglish.com\/funtasy-english-fun-games-pack\/\">Fun&amp;Games pack pre rodi\u010dov<\/a>.<\/li>\r\n<\/ul>\r\nPiesne s\u00fa <strong>naspievan\u00e9 native speakrom a de\u0165mi.<\/strong> Jednoduch\u00e9 a melodick\u00e9 piesne s\u00fa ve\u013emi chyt\u013eav\u00e9 a <strong>deti sa nen\u00e1silnou formou u\u010dia vzorov\u00fa v\u00fdslovnos\u0165, slovn\u00fa z\u00e1sobu a fr\u00e1zy<\/strong> na dan\u00e9 t\u00e9my. T\u00fdm, \u017ee piesne obsahuj\u00fa len cie\u013eov\u00fa slovn\u00fa z\u00e1sobu\/fr\u00e1zy, deti sa ich \u013eahko nau\u010dia. Ich pozornos\u0165 je s\u00fastreden\u00e1 len na cielene vybran\u00fd jazyk, \u010do u\u013eah\u010duje proces zapam\u00e4tania si novej slovnej z\u00e1soby a fr\u00e1z. <strong>Interakt\u00edvne karaoke motivuje deti nau\u010den\u00e9 pou\u017ei\u0165 v komunika\u010dn\u00fdch situ\u00e1ci\u00e1ch,<\/strong> a tak sa cel\u00fd proces prechodu pas\u00edvneho jazyka do akt\u00edvneho ur\u00fdch\u013euje.\t\t\t\t\t\t<\/div>\n\t\t\t\t<\/div>\n\t\t        <\/div>\n        <\/div>\n        \t\t        <\/div>\n        <\/section>\n\t\t\t\t\t\t\t<\/div>\n\t\t","protected":false},"excerpt":{"rendered":"<p>Tento produkt obsahuje <strong>5 origin\u00e1lnych autorsk\u00fdch piesn\u00ed (v 3 verzi\u00e1ch)<\/strong> <strong>na v\u00fdu\u010dbu angli\u010dtiny<\/strong> vo form\u00e1te mp3 a<strong>\u00a0spevn\u00edk s textami piesn\u00ed<\/strong> aj pre karaoke verziu s obr\u00e1zkami. \u00a0(<a href=\"https:\/\/youtu.be\/SlUqVF5R5J0\">Uk\u00e1\u017eka pr\u00e1ce s interakt\u00edvnym karaoke-L2<\/a>.)<\/p>\n<p><strong><span style=\"color: #339966;\">Viete, pre\u010do je u\u010denie jazyka pou\u017eit\u00edm piesn\u00ed tak\u00e9 \u00faspe\u0161n\u00e9?\u00a0<\/span><\/strong><strong><a href=\"#viac\">Tu je odpove\u010f<\/a>.<\/strong><\/p>\n<p>Piesne s\u00fa k dispoz\u00edcii:<\/p>\n<ul>\n<li>v origin\u00e1lnej verzii (predstaven\u00e1 vzorov\u00e1 v\u00fdslovnos\u0165, napo\u010d\u00favanie piesne),<\/li>\n<li>v interakt\u00edvnom karaoke (intuit\u00edvne navodzuj\u00face komunika\u010dn\u00fa situ\u00e1ciu)<\/li>\n<li>a karaoke verzii (pre \u010fal\u0161iu pr\u00e1cu s pies\u0148ou a nab\u00e1daniu k produkcii jazyka).<\/li>\n<\/ul>\n<p><strong>Zoznam piesn\u00ed:<\/strong><\/p>\n<ol>\n<li>My body<\/li>\n<li>What are they like?<\/li>\n<li>Christmas song<\/li>\n<li>My house<\/li>\n<li>Clean up<\/li>\n<\/ol>\n[playlist type=\"video\" ids=\"14979,14980,14982,14981,14983\"]\n<p>&nbsp;<\/p>\n","protected":false},"featured_media":14977,"template":"","meta":[],"product_brand":[],"product_cat":[83],"product_tag":[],"class_list":{"0":"post-14975","1":"product","2":"type-product","3":"status-publish","4":"has-post-thumbnail","6":"product_cat-piesne","8":"first","9":"instock","10":"downloadable","11":"virtual","12":"purchasable","13":"product-type-simple"},"wcpa_form_fields":null,"_links":{"self":[{"href":"https:\/\/www.funtasyenglish.com\/wp-json\/wp\/v2\/product\/14975","targetHints":{"allow":["GET"]}}],"collection":[{"href":"https:\/\/www.funtasyenglish.com\/wp-json\/wp\/v2\/product"}],"about":[{"href":"https:\/\/www.funtasyenglish.com\/wp-json\/wp\/v2\/types\/product"}],"version-history":[{"count":2,"href":"https:\/\/www.funtasyenglish.com\/wp-json\/wp\/v2\/product\/14975\/revisions"}],"predecessor-version":[{"id":15977,"href":"https:\/\/www.funtasyenglish.com\/wp-json\/wp\/v2\/product\/14975\/revisions\/15977"}],"wp:featuredmedia":[{"embeddable":true,"href":"https:\/\/www.funtasyenglish.com\/wp-json\/wp\/v2\/media\/14977"}],"wp:attachment":[{"href":"https:\/\/www.funtasyenglish.com\/wp-json\/wp\/v2\/media?parent=14975"}],"wp:term":[{"taxonomy":"product_brand","embeddable":true,"href":"https:\/\/www.funtasyenglish.com\/wp-json\/wp\/v2\/product_brand?post=14975"},{"taxonomy":"product_cat","embeddable":true,"href":"https:\/\/www.funtasyenglish.com\/wp-json\/wp\/v2\/product_cat?post=14975"},{"taxonomy":"product_tag","embeddable":true,"href":"https:\/\/www.funtasyenglish.com\/wp-json\/wp\/v2\/product_tag?post=14975"}],"curies":[{"name":"wp","href":"https:\/\/api.w.org\/{rel}","templated":true}]}}