{"id":14923,"date":"2025-10-25T16:06:12","date_gmt":"2025-10-25T14:06:12","guid":{"rendered":"https:\/\/www.funtasyenglish.com\/?post_type=product&#038;p=14923"},"modified":"2025-10-25T17:41:33","modified_gmt":"2025-10-25T15:41:33","slug":"omalovanka-s-qr-kodom-fruit-and-veg","status":"publish","type":"product","link":"https:\/\/www.funtasyenglish.com\/produkt\/omalovanka-s-qr-kodom-fruit-and-veg\/","title":{"rendered":"Oma\u013eov\u00e1nka s\u00a0QR k\u00f3dom &#8211; Fruits &#038; Vegetables"},"content":{"rendered":"","protected":false},"excerpt":{"rendered":"<h3>Oma\u013eov\u00e1nka s QR k\u00f3dom &#8211; Fruit and vegetables<\/h3>\n<p>16 str\u00e1n<\/p>\n<p>Na\u010d\u00edtan\u00edm QR k\u00f3du sa die\u0165a jednoducho dostane na n\u00e1\u0161 <a href=\"https:\/\/www.youtube.com\/channel\/UCO4FAIEdl0ktcNj8HZ2iFVw\"><em>youtube kan\u00e1l<\/em><\/a>, kde si m\u00f4\u017ee slov\u00e1 a\u00a0fr\u00e1zy vypo\u010du\u0165, tr\u00e9nova\u0165 spr\u00e1vnu v\u00fdslovnos\u0165 a\u00a0z\u00e1rove\u0148 uvid\u00ed plnofarebn\u00fd obr\u00e1zok ako predlohu.<\/p>\n<p><strong>V\u00ddHODY:<\/strong><\/p>\n<ul>\n<li>Spojenie obr\u00e1zka a textu <strong>napom\u00e1ha zapam\u00e4taniu ovocia a zeleniny<\/strong>.<\/li>\n<li>Nahr\u00e1vka <strong>roden\u00e9ho hovoriaceho<\/strong> sl\u00fa\u017ei ako <strong>spr\u00e1vny re\u010dov\u00fd vzor<\/strong>.<\/li>\n<li>Die\u0165a si <strong>podvedome fixuje,<\/strong> ako sa dan\u00e9 <strong>slov\u00ed\u010dko p\u00ed\u0161e<\/strong>.<\/li>\n<li><strong>Slovn\u00e1 z\u00e1soba<\/strong> sa u\u010d\u00ed <strong>v kontexte fr\u00e1z<\/strong>, nie izolovane. (napr. I like oranges, an apple-apples)<\/li>\n<li>R\u00f4znorod\u00e9 \u010dinnosti so slovami <strong>up\u00fataj\u00fa detsk\u00fa pozornos\u0165<\/strong>. (vyfarbovanie, \u010d\u00edtanie, po\u010d\u00favanie)<\/li>\n<\/ul>\n<p>Po zak\u00fapen\u00ed produktu Oma\u013eov\u00e1nku n\u00e1jdete vo svojom konte vo form\u00e1te pdf na stiahnutie.<\/p>\n","protected":false},"featured_media":14913,"template":"","meta":[],"product_brand":[],"product_cat":[49],"product_tag":[],"class_list":{"0":"post-14923","1":"product","2":"type-product","3":"status-publish","4":"has-post-thumbnail","6":"product_cat-artcraft-portfolio-omalovanky","8":"first","9":"instock","10":"downloadable","11":"shipping-taxable","12":"purchasable","13":"product-type-simple"},"wcpa_form_fields":null,"_links":{"self":[{"href":"https:\/\/www.funtasyenglish.com\/wp-json\/wp\/v2\/product\/14923","targetHints":{"allow":["GET"]}}],"collection":[{"href":"https:\/\/www.funtasyenglish.com\/wp-json\/wp\/v2\/product"}],"about":[{"href":"https:\/\/www.funtasyenglish.com\/wp-json\/wp\/v2\/types\/product"}],"version-history":[{"count":3,"href":"https:\/\/www.funtasyenglish.com\/wp-json\/wp\/v2\/product\/14923\/revisions"}],"predecessor-version":[{"id":14951,"href":"https:\/\/www.funtasyenglish.com\/wp-json\/wp\/v2\/product\/14923\/revisions\/14951"}],"wp:featuredmedia":[{"embeddable":true,"href":"https:\/\/www.funtasyenglish.com\/wp-json\/wp\/v2\/media\/14913"}],"wp:attachment":[{"href":"https:\/\/www.funtasyenglish.com\/wp-json\/wp\/v2\/media?parent=14923"}],"wp:term":[{"taxonomy":"product_brand","embeddable":true,"href":"https:\/\/www.funtasyenglish.com\/wp-json\/wp\/v2\/product_brand?post=14923"},{"taxonomy":"product_cat","embeddable":true,"href":"https:\/\/www.funtasyenglish.com\/wp-json\/wp\/v2\/product_cat?post=14923"},{"taxonomy":"product_tag","embeddable":true,"href":"https:\/\/www.funtasyenglish.com\/wp-json\/wp\/v2\/product_tag?post=14923"}],"curies":[{"name":"wp","href":"https:\/\/api.w.org\/{rel}","templated":true}]}}