{"id":13503,"date":"2025-06-30T12:21:42","date_gmt":"2025-06-30T10:21:42","guid":{"rendered":"https:\/\/www.funtasyenglish.com\/?post_type=product&#038;p=13503"},"modified":"2025-06-30T15:41:30","modified_gmt":"2025-06-30T13:41:30","slug":"funny-finger-toys","status":"publish","type":"product","link":"https:\/\/www.funtasyenglish.com\/produkt\/funny-finger-toys\/","title":{"rendered":"Funny finger toys"},"content":{"rendered":"","protected":false},"excerpt":{"rendered":"<p>Na\u0165ahovacie gumi\u010dky na prst v r\u00f4znych farb\u00e1ch. Ka\u017ed\u00e1 farba predstavuje in\u00fa em\u00f3ciu.<br \/>\nHra\u010dka je bezpe\u010dn\u00e1 a um\u00fdvate\u013en\u00e1.<br \/>\nVyu\u017eitie: s\u00fa\u0165a\u017ee, hry, odmeny, detsk\u00e9 p\u00e1rty, t\u00e1bory<br \/>\nRozmer: 5,5cm x 2cm<\/p>\n","protected":false},"featured_media":13504,"template":"","meta":[],"product_brand":[],"product_cat":[51],"product_tag":[],"class_list":{"0":"post-13503","1":"product","2":"type-product","3":"status-publish","4":"has-post-thumbnail","6":"product_cat-rozne","7":"pa_farba-blue","8":"pa_farba-brown","9":"pa_farba-cyclamen","10":"pa_farba-green","11":"pa_farba-yellow","13":"first","14":"instock","15":"shipping-taxable","16":"purchasable","17":"product-type-variable","18":"nyp-product"},"wcpa_form_fields":null,"_links":{"self":[{"href":"https:\/\/www.funtasyenglish.com\/wp-json\/wp\/v2\/product\/13503","targetHints":{"allow":["GET"]}}],"collection":[{"href":"https:\/\/www.funtasyenglish.com\/wp-json\/wp\/v2\/product"}],"about":[{"href":"https:\/\/www.funtasyenglish.com\/wp-json\/wp\/v2\/types\/product"}],"version-history":[{"count":5,"href":"https:\/\/www.funtasyenglish.com\/wp-json\/wp\/v2\/product\/13503\/revisions"}],"predecessor-version":[{"id":13518,"href":"https:\/\/www.funtasyenglish.com\/wp-json\/wp\/v2\/product\/13503\/revisions\/13518"}],"wp:featuredmedia":[{"embeddable":true,"href":"https:\/\/www.funtasyenglish.com\/wp-json\/wp\/v2\/media\/13504"}],"wp:attachment":[{"href":"https:\/\/www.funtasyenglish.com\/wp-json\/wp\/v2\/media?parent=13503"}],"wp:term":[{"taxonomy":"product_brand","embeddable":true,"href":"https:\/\/www.funtasyenglish.com\/wp-json\/wp\/v2\/product_brand?post=13503"},{"taxonomy":"product_cat","embeddable":true,"href":"https:\/\/www.funtasyenglish.com\/wp-json\/wp\/v2\/product_cat?post=13503"},{"taxonomy":"product_tag","embeddable":true,"href":"https:\/\/www.funtasyenglish.com\/wp-json\/wp\/v2\/product_tag?post=13503"}],"curies":[{"name":"wp","href":"https:\/\/api.w.org\/{rel}","templated":true}]}}