{"id":13151,"date":"2025-05-26T15:48:15","date_gmt":"2025-05-26T13:48:15","guid":{"rendered":"https:\/\/www.funtasyenglish.com\/?post_type=product&#038;p=13151"},"modified":"2026-02-05T18:42:42","modified_gmt":"2026-02-05T17:42:42","slug":"odznaky-so-skriatkom","status":"publish","type":"product","link":"https:\/\/www.funtasyenglish.com\/produkt\/odznaky-so-skriatkom\/","title":{"rendered":"Odznaky so \u0161kriatkom"},"content":{"rendered":"","protected":false},"excerpt":{"rendered":"<p><span id=\"E434\">Odznak so \u0161kriatkom v priemere 55 mm je<\/span><span id=\"E435\">\u00a0skvel\u00fdm dar\u010dekom pre deti ako odmena za plnenie \u00faloh \u010di u\u017e doma, po\u010das vyu\u010dovania alebo v \u0161kolskom klube. <\/span><span id=\"E436\">M\u00f4\u017eu by\u0165 i s\u00fa\u010das\u0165ou hodnotiace syst\u00e9mu na hodin\u00e1ch angli\u010dtiny<\/span><span id=\"E437\">\u00a0<\/span><span id=\"E438\">pre deti, ktor\u00e9 sa usilovne sna\u017eia zachr\u00e1ni\u0165\u00a0<\/span><span id=\"E439\"><a href=\"https:\/\/www.funtasyenglish.com\/funtasy-english-land\/\">Funtasy English land<\/a>.<\/span><span id=\"E440\"><\/span><\/p>\n<p>Ako fungoval hodnotiaci syst\u00e9m Funtasy English v \u0160KD na Z\u0160 Matky Alexie v 2. B, sa dozviete vo\u00a0<a href=\"https:\/\/fb.watch\/m4zekp-lpH\/\">videu<\/a>.<\/p>\n<p>K\u00fapou tohto produktu podpor\u00edte <a href=\"https:\/\/youtu.be\/yJDZNnvWGE8\">OZ Domov je pr\u00edstav.<\/a><\/p>\n","protected":false},"featured_media":13164,"template":"","meta":[],"product_brand":[],"product_cat":[51],"product_tag":[],"class_list":{"0":"post-13151","1":"product","2":"type-product","3":"status-publish","4":"has-post-thumbnail","6":"product_cat-rozne","7":"pa_farba-cervena","8":"pa_farba-fialova","9":"pa_farba-zelena","10":"pa_farba-zlta","12":"first","13":"instock","14":"shipping-taxable","15":"purchasable","16":"product-type-variable","17":"nyp-product"},"wcpa_form_fields":null,"_links":{"self":[{"href":"https:\/\/www.funtasyenglish.com\/wp-json\/wp\/v2\/product\/13151","targetHints":{"allow":["GET"]}}],"collection":[{"href":"https:\/\/www.funtasyenglish.com\/wp-json\/wp\/v2\/product"}],"about":[{"href":"https:\/\/www.funtasyenglish.com\/wp-json\/wp\/v2\/types\/product"}],"version-history":[{"count":3,"href":"https:\/\/www.funtasyenglish.com\/wp-json\/wp\/v2\/product\/13151\/revisions"}],"predecessor-version":[{"id":13163,"href":"https:\/\/www.funtasyenglish.com\/wp-json\/wp\/v2\/product\/13151\/revisions\/13163"}],"wp:featuredmedia":[{"embeddable":true,"href":"https:\/\/www.funtasyenglish.com\/wp-json\/wp\/v2\/media\/13164"}],"wp:attachment":[{"href":"https:\/\/www.funtasyenglish.com\/wp-json\/wp\/v2\/media?parent=13151"}],"wp:term":[{"taxonomy":"product_brand","embeddable":true,"href":"https:\/\/www.funtasyenglish.com\/wp-json\/wp\/v2\/product_brand?post=13151"},{"taxonomy":"product_cat","embeddable":true,"href":"https:\/\/www.funtasyenglish.com\/wp-json\/wp\/v2\/product_cat?post=13151"},{"taxonomy":"product_tag","embeddable":true,"href":"https:\/\/www.funtasyenglish.com\/wp-json\/wp\/v2\/product_tag?post=13151"}],"curies":[{"name":"wp","href":"https:\/\/api.w.org\/{rel}","templated":true}]}}