{"id":12801,"date":"2025-05-03T12:18:17","date_gmt":"2025-05-03T10:18:17","guid":{"rendered":"https:\/\/www.funtasyenglish.com\/?post_type=product&#038;p=12801"},"modified":"2025-05-06T10:00:43","modified_gmt":"2025-05-06T08:00:43","slug":"ceruzky-so-skriatkom-a-textom-popisujucim-ich-vlastnost","status":"publish","type":"product","link":"https:\/\/www.funtasyenglish.com\/produkt\/ceruzky-so-skriatkom-a-textom-popisujucim-ich-vlastnost\/","title":{"rendered":"Ceruzky so \u0161kriatkom a textom popisuj\u00facim ich vlastnos\u0165"},"content":{"rendered":"","protected":false},"excerpt":{"rendered":"<p><span id=\"E434\">Ceruzka so \u0161kriatkom a textom popisuj\u00facim ich vlastnos\u0165 je <\/span><span id=\"E435\">vo farb\u00e1ch loga. Ceruzky maj\u00fa gumu. S\u00fa skvel\u00fdm dar\u010dekom pre deti ako odmena za plnenie \u00faloh \u010di u\u017e doma, po\u010das vyu\u010dovania alebo v \u0161kolskom klube. <\/span><span id=\"E436\">M\u00f4\u017eu by\u0165 i s\u00fa\u010das\u0165ou hodnotiace syst\u00e9mu na hodin\u00e1ch angli\u010dtiny<\/span><span id=\"E437\">\u00a0<\/span><span id=\"E438\">pre deti, ktor\u00e9 sa usilovne sna\u017eia zachr\u00e1ni\u0165\u00a0<\/span><a href=\"https:\/\/www.funtasyenglish.com\/funtasy-english-land\/\"><span id=\"E439\">Funtasy English land.<\/span><\/a><span id=\"E440\"><\/span><\/p>\n<p>Ako fungoval hodnotiaci syst\u00e9m Funtasy English v \u0160KD na Z\u0160 Matky Alexie v 2. B, sa dozviete vo\u00a0<a href=\"https:\/\/fb.watch\/m4zekp-lpH\/\">videu<\/a>.<\/p>\n<p>&nbsp;<\/p>\n<p>K\u00fapou tohto produktu podpor\u00edte <a href=\"https:\/\/youtu.be\/yJDZNnvWGE8\">OZ Domov je pr\u00edstav.<\/a><\/p>\n","protected":false},"featured_media":12811,"template":"","meta":[],"product_brand":[],"product_cat":[51],"product_tag":[],"class_list":{"0":"post-12801","1":"product","2":"type-product","3":"status-publish","4":"has-post-thumbnail","6":"product_cat-rozne","7":"pa_farba-cervena","8":"pa_farba-fialova","9":"pa_farba-zelena","10":"pa_farba-zlta","12":"first","13":"instock","14":"shipping-taxable","15":"purchasable","16":"product-type-variable","17":"nyp-product"},"wcpa_form_fields":null,"_links":{"self":[{"href":"https:\/\/www.funtasyenglish.com\/wp-json\/wp\/v2\/product\/12801","targetHints":{"allow":["GET"]}}],"collection":[{"href":"https:\/\/www.funtasyenglish.com\/wp-json\/wp\/v2\/product"}],"about":[{"href":"https:\/\/www.funtasyenglish.com\/wp-json\/wp\/v2\/types\/product"}],"version-history":[{"count":3,"href":"https:\/\/www.funtasyenglish.com\/wp-json\/wp\/v2\/product\/12801\/revisions"}],"predecessor-version":[{"id":12932,"href":"https:\/\/www.funtasyenglish.com\/wp-json\/wp\/v2\/product\/12801\/revisions\/12932"}],"wp:featuredmedia":[{"embeddable":true,"href":"https:\/\/www.funtasyenglish.com\/wp-json\/wp\/v2\/media\/12811"}],"wp:attachment":[{"href":"https:\/\/www.funtasyenglish.com\/wp-json\/wp\/v2\/media?parent=12801"}],"wp:term":[{"taxonomy":"product_brand","embeddable":true,"href":"https:\/\/www.funtasyenglish.com\/wp-json\/wp\/v2\/product_brand?post=12801"},{"taxonomy":"product_cat","embeddable":true,"href":"https:\/\/www.funtasyenglish.com\/wp-json\/wp\/v2\/product_cat?post=12801"},{"taxonomy":"product_tag","embeddable":true,"href":"https:\/\/www.funtasyenglish.com\/wp-json\/wp\/v2\/product_tag?post=12801"}],"curies":[{"name":"wp","href":"https:\/\/api.w.org\/{rel}","templated":true}]}}