{"id":11155,"date":"2024-12-07T14:04:31","date_gmt":"2024-12-07T13:04:31","guid":{"rendered":"https:\/\/www.funtasyenglish.com\/?post_type=product&#038;p=11155"},"modified":"2026-02-26T10:53:16","modified_gmt":"2026-02-26T09:53:16","slug":"portfolio-k-pribehu-2","status":"publish","type":"product","link":"https:\/\/www.funtasyenglish.com\/produkt\/portfolio-k-pribehu-2\/","title":{"rendered":"Portf\u00f3lio k motiva\u010dn\u00e9mu pr\u00edbehu 2"},"content":{"rendered":"\t\t<div data-elementor-type=\"product-post\" data-elementor-id=\"11155\" class=\"elementor elementor-11155\">\n\t\t\t\t\t\t\t        <section class=\"elementor-section elementor-top-section elementor-element elementor-element-c9d0e5d elementor-section-boxed elementor-section-height-default elementor-section-height-default\" data-id=\"c9d0e5d\" data-element_type=\"section\">\n\t\t\n\t\t        <div class=\"elementor-container elementor-column-gap-default \" >\n\t\t        <div class=\"elementor-column elementor-col-100 elementor-top-column elementor-element elementor-element-d87adbc\" data-id=\"d87adbc\" data-element_type=\"column\">\n        <div class=\"elementor-widget-wrap elementor-element-populated\">\n                        \t\t<div class=\"elementor-element elementor-element-55ada31 elementor-widget elementor-widget-cms_heading\" data-id=\"55ada31\" data-element_type=\"widget\" data-widget_type=\"cms_heading.default\">\n\t\t\t\t<div class=\"elementor-widget-container\">\n\t\t\t<div class=\"cms-heading-wrapper cms-heading-layout1 \">\r\n    \r\n            <h6 class=\"custom-heading\">\r\n            <span                 >\r\n                Referencie<\/span>\r\n        <\/h6>\r\n        \r\n    <\/div>\t\t<\/div>\n\t\t\t\t<\/div>\n\t\t        <\/div>\n        <\/div>\n        \t\t        <\/div>\n        <\/section>\n\t\t        <section class=\"elementor-section elementor-top-section elementor-element elementor-element-404dd5d elementor-section-boxed elementor-section-height-default elementor-section-height-default\" data-id=\"404dd5d\" data-element_type=\"section\">\n\t\t\n\t\t        <div class=\"elementor-container elementor-column-gap-default \" >\n\t\t        <div class=\"elementor-column elementor-col-100 elementor-top-column elementor-element elementor-element-f0e8089\" data-id=\"f0e8089\" data-element_type=\"column\">\n        <div class=\"elementor-widget-wrap elementor-element-populated\">\n                        \t\t<div class=\"elementor-element elementor-element-8fa2f29 elementor-widget elementor-widget-cms_testimonial_list\" data-id=\"8fa2f29\" data-element_type=\"widget\" data-widget_type=\"cms_testimonial_list.default\">\n\t\t\t\t<div class=\"elementor-widget-container\">\n\t\t\t    <div class=\"cms-testimonial-list\">\r\n        <div class=\"cms-grid-inner\">\r\n                            <div class=\"testimonial-item \">\r\n                    \r\n                    <div class=\"item-inner\">\r\n                        <span class=\"arrow-quote\">\r\n                            <svg version=\"1.0\" xmlns=\"http:\/\/www.w3.org\/2000\/svg\"\r\n                             width=\"28.000000pt\" height=\"18.000000pt\" viewBox=\"0 0 28.000000 18.000000\"\r\n                             preserveAspectRatio=\"xMidYMid meet\">\r\n\r\n                            <g transform=\"translate(0.000000,18.000000) scale(0.100000,-0.100000)\" stroke=\"none\">\r\n                            <path d=\"M39 166 c-44 -22 -35 -106 12 -106 30 0 22 -20 -11 -27 -33 -6 -46\r\n                            -18 -31 -28 16 -9 77 21 95 46 19 28 21 92 4 106 -24 18 -45 21 -69 9z\"\/>\r\n                            <path d=\"M188 166 c-43 -22 -33 -106 13 -106 30 0 22 -20 -11 -27 -33 -6 -46\r\n                            -18 -31 -28 14 -8 73 18 92 41 55 64 7 155 -63 120z\"\/>\r\n                            <\/g>\r\n                            <\/svg>\r\n                        <\/span>\r\n                        <div class=\"item-holder\">\r\n                                                            <div class=\"item-image\">\r\n                                    <img decoding=\"async\" width=\"150\" height=\"150\" src=\"https:\/\/www.funtasyenglish.com\/wp-content\/uploads\/2023\/09\/mother-3997967_1920-150x150.jpg\" class=\"attachment-thumbnail\" alt=\"\" \/>                                <\/div>\r\n                                                                                        <div class=\"item-meta\">\r\n                                                                            <h3 class=\"item-name\">    \r\n                                            Janka, Jakubkova mama                                        <\/h3>\r\n                                                                                                        <\/div>\r\n                                                        <span class=\"item-star five-star\">\r\n                                <i class=\"fas fa-star\"><\/i>\r\n                                <i class=\"fas fa-star\"><\/i>\r\n                                <i class=\"fas fa-star\"><\/i>\r\n                                <i class=\"fas fa-star\"><\/i>\r\n                                <i class=\"fas fa-star\"><\/i>\r\n                            <\/span>\r\n                        <\/div>\r\n                                                    <div class=\"item-description\">Ve\u013emi sa te\u0161\u00edm, \u017ee vid\u00edm u Jakubka posun. Jemu ve\u013emi pom\u00e1ha motiva\u010dn\u00fd syst\u00e9m \u2013 zbieranie n\u00e1lepok. <\/div>\r\n                                            <\/div>\r\n                <\/div>\r\n                    <\/div>\r\n    <\/div>\r\n\t\t<\/div>\n\t\t\t\t<\/div>\n\t\t        <\/div>\n        <\/div>\n        \t\t        <\/div>\n        <\/section>\n\t\t\t\t\t\t\t<\/div>\n\t\t","protected":false},"excerpt":{"rendered":"<p>Kni\u017eo\u010dka <strong>na 16 stran\u00e1ch<\/strong> obsahuje:<\/p>\n<ul>\n<li>n\u00e1\u0161 <strong><a href=\"https:\/\/www.funtasyenglish.com\/funtasy-english-land\/\">motiva\u010dn\u00fd pr\u00edbeh<\/a>\u00a0<\/strong><\/li>\n<li>spolu so <strong>z\u00e1bavn\u00fdmi \u00falohami\u00a0<\/strong><strong>a n\u00e1dhern\u00fdmi ilustr\u00e1ciami.<\/strong><\/li>\n<\/ul>\n<p>V\u017edy <strong>v\u013eavo je<\/strong> pr\u00edbeh <strong>v slovenskom jazyku<\/strong> a <strong>vpravo v anglickom jazyku<\/strong> aj spolu s doplnkov\u00fdmi \u00falohami, kde deti pracuj\u00fa s obr\u00e1zkom. Na poslednej strane portf\u00f3lia je obr\u00e1zkov\u00fd slovn\u00ed\u010dek <strong> spolu s QR k\u00f3dom. Deti sa<\/strong>\u00a0<strong>nau\u010dia 21 nov\u00fdch slov\u00ed\u010dok<\/strong>, s ktor\u00fdmi sa stretn\u00fa v pr\u00edbehu \u010di na mape. QR k\u00f3d odkazuje na n\u00e1\u0161 youtube kan\u00e1l pre n\u00e1cvik v\u00fdslovnosti. Okrem toho sa nau\u010dia men\u00e1 \u010fal\u0161\u00edch kvetinkov\u00fdch \u0161kriatkov a pod\u013ea videa si ich vyfarbia na s. 10-11.<\/p>\n<p><span style=\"color: #339966;\"><strong>Okrem portf\u00f3lia z\u00e1kazn\u00edk dostane:<\/strong><\/span><\/p>\n<ul>\n<li>N\u00e1lepky, z ktor\u00fdch pozost\u00e1va mapa<\/li>\n<li>Pr\u00edstup k interakt\u00edvnym hr\u00e1m k slovnej z\u00e1sobe<\/li>\n<li>Metodick\u00e9 usmernenia (PDF na stiahnutie)<\/li>\n<\/ul>\n<p>&nbsp;<\/p>\n","protected":false},"featured_media":11156,"template":"","meta":[],"product_brand":[],"product_cat":[119,51],"product_tag":[],"class_list":{"0":"post-11155","1":"product","2":"type-product","3":"status-publish","4":"has-post-thumbnail","6":"product_cat-motivacne-pribehy-portfolio","7":"product_cat-rozne","9":"first","10":"instock","11":"downloadable","12":"shipping-taxable","13":"purchasable","14":"product-type-simple"},"wcpa_form_fields":null,"_links":{"self":[{"href":"https:\/\/www.funtasyenglish.com\/wp-json\/wp\/v2\/product\/11155","targetHints":{"allow":["GET"]}}],"collection":[{"href":"https:\/\/www.funtasyenglish.com\/wp-json\/wp\/v2\/product"}],"about":[{"href":"https:\/\/www.funtasyenglish.com\/wp-json\/wp\/v2\/types\/product"}],"version-history":[{"count":6,"href":"https:\/\/www.funtasyenglish.com\/wp-json\/wp\/v2\/product\/11155\/revisions"}],"predecessor-version":[{"id":16488,"href":"https:\/\/www.funtasyenglish.com\/wp-json\/wp\/v2\/product\/11155\/revisions\/16488"}],"wp:featuredmedia":[{"embeddable":true,"href":"https:\/\/www.funtasyenglish.com\/wp-json\/wp\/v2\/media\/11156"}],"wp:attachment":[{"href":"https:\/\/www.funtasyenglish.com\/wp-json\/wp\/v2\/media?parent=11155"}],"wp:term":[{"taxonomy":"product_brand","embeddable":true,"href":"https:\/\/www.funtasyenglish.com\/wp-json\/wp\/v2\/product_brand?post=11155"},{"taxonomy":"product_cat","embeddable":true,"href":"https:\/\/www.funtasyenglish.com\/wp-json\/wp\/v2\/product_cat?post=11155"},{"taxonomy":"product_tag","embeddable":true,"href":"https:\/\/www.funtasyenglish.com\/wp-json\/wp\/v2\/product_tag?post=11155"}],"curies":[{"name":"wp","href":"https:\/\/api.w.org\/{rel}","templated":true}]}}