{"id":11093,"date":"2024-12-07T11:26:52","date_gmt":"2024-12-07T10:26:52","guid":{"rendered":"https:\/\/www.funtasyenglish.com\/?post_type=product&#038;p=11093"},"modified":"2026-01-02T13:34:29","modified_gmt":"2026-01-02T12:34:29","slug":"puzzle-28-karticiek-6x9cm-2xa4-hraci-plan","status":"publish","type":"product","link":"https:\/\/www.funtasyenglish.com\/produkt\/puzzle-28-karticiek-6x9cm-2xa4-hraci-plan\/","title":{"rendered":"Puzzle\/Pexeso\/Triketo 3v1 (40 karti\u010diek, 6x9cm, 2xA4 hrac\u00ed pl\u00e1n)"},"content":{"rendered":"<h3>Hra je zameran\u00e1 na:<\/h3>\n<ol>\n<li>Demonstrative pronouns this, these, that, those<\/li>\n<li>Wh-Q: What<\/li>\n<\/ol>\n<p>Ke\u010f si zak\u00fapite t\u00fato hru, m\u00f4\u017eete sa zahra\u0165 aj \u010fal\u0161ie hry (Pexeso, Triketo) k danej t\u00e9me.<\/p>\n","protected":false},"excerpt":{"rendered":"<h3>Puzzle (What&#8217;s this? What&#8217;s that?)<\/h3>\n<p>Balenie pozost\u00e1va z 2 hrac\u00edch pl\u00e1nov A4 s logom a 40 karti\u010diek v rozmere 6x9cm. Zak\u00fapen\u00edm je teda mo\u017en\u00e9 hra\u0165 hru Puzzle, Triketo aj Pexeso. Pre samotn\u00fa hru Puzzle s\u00fa potrebn\u00e9 2 sady obr\u00e1zkov\u00e9ho pexesa, 4 karti\u010dky Kaktusa a 2 hracie pl\u00e1ny A4. Na 300g papier je nanesen\u00e1 vrstva \u0161peci\u00e1lnej f\u00f3lie (lamino) pre ich vy\u0161\u0161iu pevnos\u0165 a mechanick\u00fa odolnos\u0165. N\u00e1vod na hru si m\u00f4\u017eete stiahnu\u0165 vo va\u0161om u\u017e\u00edvate\u013eskom konte po zak\u00fapen\u00ed produktu.<\/p>\n<p><strong>V\u0161etky na\u0161e hry rozv\u00edjaj\u00fa komunika\u010dn\u00e9 zru\u010dnosti det\u00ed a vyz\u00fdvaj\u00fa ich produkova\u0165 slov\u00e1 a fr\u00e1zy z prisl\u00fachaj\u00facej piesne.\u00a0<\/strong><\/p>\n<p>K\u00fapou tohto produktu podporujete \u010fal\u0161\u00ed v\u00fdvoj piesn\u00ed, hier a in\u00fdch didaktick\u00fdch materi\u00e1lov na vyu\u010dovanie angli\u010dtiny doma i v \u0161kole. \u010eakujeme, \u017ee s nimi budete nar\u00e1ba\u0165 s \u00factou vo\u010di autorom <a href=\"https:\/\/www.funtasyenglish.com\/autorske-prava\/\">re\u0161pektovan\u00edm autorsk\u00fdch pr\u00e1v a autorsk\u00e9ho z\u00e1kona.<\/a><\/p>\n","protected":false},"featured_media":11063,"template":"","meta":[],"product_brand":[],"product_cat":[105],"product_tag":[],"class_list":{"0":"post-11093","1":"product","2":"type-product","3":"status-publish","4":"has-post-thumbnail","6":"product_cat-whats-this-whats-that","8":"first","9":"instock","10":"shipping-taxable","11":"purchasable","12":"product-type-simple"},"wcpa_form_fields":null,"_links":{"self":[{"href":"https:\/\/www.funtasyenglish.com\/wp-json\/wp\/v2\/product\/11093","targetHints":{"allow":["GET"]}}],"collection":[{"href":"https:\/\/www.funtasyenglish.com\/wp-json\/wp\/v2\/product"}],"about":[{"href":"https:\/\/www.funtasyenglish.com\/wp-json\/wp\/v2\/types\/product"}],"version-history":[{"count":7,"href":"https:\/\/www.funtasyenglish.com\/wp-json\/wp\/v2\/product\/11093\/revisions"}],"predecessor-version":[{"id":15904,"href":"https:\/\/www.funtasyenglish.com\/wp-json\/wp\/v2\/product\/11093\/revisions\/15904"}],"wp:featuredmedia":[{"embeddable":true,"href":"https:\/\/www.funtasyenglish.com\/wp-json\/wp\/v2\/media\/11063"}],"wp:attachment":[{"href":"https:\/\/www.funtasyenglish.com\/wp-json\/wp\/v2\/media?parent=11093"}],"wp:term":[{"taxonomy":"product_brand","embeddable":true,"href":"https:\/\/www.funtasyenglish.com\/wp-json\/wp\/v2\/product_brand?post=11093"},{"taxonomy":"product_cat","embeddable":true,"href":"https:\/\/www.funtasyenglish.com\/wp-json\/wp\/v2\/product_cat?post=11093"},{"taxonomy":"product_tag","embeddable":true,"href":"https:\/\/www.funtasyenglish.com\/wp-json\/wp\/v2\/product_tag?post=11093"}],"curies":[{"name":"wp","href":"https:\/\/api.w.org\/{rel}","templated":true}]}}