{"id":11014,"date":"2024-12-04T19:43:10","date_gmt":"2024-12-04T18:43:10","guid":{"rendered":"https:\/\/www.funtasyenglish.com\/?post_type=product&#038;p=11014"},"modified":"2024-12-13T14:09:19","modified_gmt":"2024-12-13T13:09:19","slug":"skryvacka-2-karticky-a5-skriatkovia","status":"publish","type":"product","link":"https:\/\/www.funtasyenglish.com\/produkt\/skryvacka-2-karticky-a5-skriatkovia\/","title":{"rendered":"Skr\u00fdva\u010dka (2 karti\u010dky, A5) + \u0161kriatkovia"},"content":{"rendered":"<h3>Hra je zameran\u00e1 na:<\/h3>\n<ol>\n<li>Prepositions of place: in, on, under, behind, above<\/li>\n<li>Articles: a, an<\/li>\n<li>Room equipment<\/li>\n<li>There is\/There are\/Is there\/Are there<\/li>\n<\/ol>\n","protected":false},"excerpt":{"rendered":"<h3>Skr\u00fdva\u010dka (Clean up)<\/h3>\n<p>Kartov\u00e1 hra pozost\u00e1va z 2 karti\u010diek v rozmere A5 a 4 dreven\u00fdch koliesok predstavuj\u00facich 4 \u0161kriatkov, ktor\u00ed sa ukr\u00fdvaj\u00fa v izbe. Na 300g papier je nanesen\u00e1 vrstva \u0161peci\u00e1lnej f\u00f3lie (lamino) pre ich vy\u0161\u0161iu pevnos\u0165 a mechanick\u00fa odolnos\u0165. N\u00e1vod na hru si m\u00f4\u017eete stiahnu\u0165 vo va\u0161om u\u017e\u00edvate\u013eskom konte po zak\u00fapen\u00ed produktu.<\/p>\n<p><strong>V\u0161etky na\u0161e hry rozv\u00edjaj\u00fa komunika\u010dn\u00e9 zru\u010dnosti det\u00ed a vyz\u00fdvaj\u00fa ich produkova\u0165 slov\u00e1 a fr\u00e1zy z prisl\u00fachaj\u00facej piesne.\u00a0<\/strong><\/p>\n<p>K\u00fapou tohto produktu podporujete \u010fal\u0161\u00ed v\u00fdvoj piesn\u00ed, hier a in\u00fdch didaktick\u00fdch materi\u00e1lov na vyu\u010dovanie angli\u010dtiny doma i v \u0161kole. \u010eakujeme, \u017ee s nimi budete nar\u00e1ba\u0165 s \u00factou vo\u010di autorom <a href=\"https:\/\/www.funtasyenglish.com\/autorske-prava\/\">re\u0161pektovan\u00edm autorsk\u00fdch pr\u00e1v a autorsk\u00e9ho z\u00e1kona.<\/a><\/p>\n","protected":false},"featured_media":10952,"template":"","meta":[],"product_brand":[],"product_cat":[100],"product_tag":[],"class_list":{"0":"post-11014","1":"product","2":"type-product","3":"status-publish","4":"has-post-thumbnail","6":"product_cat-clean-up","8":"first","9":"instock","10":"shipping-taxable","11":"purchasable","12":"product-type-simple"},"wcpa_form_fields":null,"_links":{"self":[{"href":"https:\/\/www.funtasyenglish.com\/wp-json\/wp\/v2\/product\/11014","targetHints":{"allow":["GET"]}}],"collection":[{"href":"https:\/\/www.funtasyenglish.com\/wp-json\/wp\/v2\/product"}],"about":[{"href":"https:\/\/www.funtasyenglish.com\/wp-json\/wp\/v2\/types\/product"}],"version-history":[{"count":3,"href":"https:\/\/www.funtasyenglish.com\/wp-json\/wp\/v2\/product\/11014\/revisions"}],"predecessor-version":[{"id":11253,"href":"https:\/\/www.funtasyenglish.com\/wp-json\/wp\/v2\/product\/11014\/revisions\/11253"}],"wp:featuredmedia":[{"embeddable":true,"href":"https:\/\/www.funtasyenglish.com\/wp-json\/wp\/v2\/media\/10952"}],"wp:attachment":[{"href":"https:\/\/www.funtasyenglish.com\/wp-json\/wp\/v2\/media?parent=11014"}],"wp:term":[{"taxonomy":"product_brand","embeddable":true,"href":"https:\/\/www.funtasyenglish.com\/wp-json\/wp\/v2\/product_brand?post=11014"},{"taxonomy":"product_cat","embeddable":true,"href":"https:\/\/www.funtasyenglish.com\/wp-json\/wp\/v2\/product_cat?post=11014"},{"taxonomy":"product_tag","embeddable":true,"href":"https:\/\/www.funtasyenglish.com\/wp-json\/wp\/v2\/product_tag?post=11014"}],"curies":[{"name":"wp","href":"https:\/\/api.w.org\/{rel}","templated":true}]}}