{"id":10960,"date":"2024-12-03T18:46:49","date_gmt":"2024-12-03T17:46:49","guid":{"rendered":"https:\/\/www.funtasyenglish.com\/?post_type=product&#038;p=10960"},"modified":"2026-01-02T13:45:26","modified_gmt":"2026-01-02T12:45:26","slug":"krizovatka-a4","status":"publish","type":"product","link":"https:\/\/www.funtasyenglish.com\/produkt\/krizovatka-a4\/","title":{"rendered":"Kri\u017eovatka"},"content":{"rendered":"<h3>Hra je zameran\u00e1 na:<\/h3>\n<ol>\n<li>Adjectives &#8211; people\u00b4destription<\/li>\n<li>Verb to be: affirmative, 3.person<\/li>\n<li>Adjectives<\/li>\n<li>Possessive s<\/li>\n<li>Wh-Q: What+How<\/li>\n<\/ol>\n","protected":false},"excerpt":{"rendered":"<h3>Kri\u017eovatka A4 (What are they like)<\/h3>\n<p>Stolov\u00e1 hra pozost\u00e1va z hracieho pl\u00e1nu v rozmere A4 a 3 karti\u010diek ur\u010duj\u00facich druh vety. Na 300g papier je nanesen\u00e1 vrstva \u0161peci\u00e1lnej f\u00f3lie (lamino) pre ich vy\u0161\u0161iu pevnos\u0165 a mechanick\u00fa odolnos\u0165. N\u00e1vod na hru si m\u00f4\u017eete stiahnu\u0165 vo va\u0161om u\u017e\u00edvate\u013eskom konte po zak\u00fapen\u00ed produktu, kde si z\u00e1rove\u0148 n\u00e1jdete aj z\u00e1znamov\u00fd h\u00e1rok pre t\u00fato hru.<\/p>\n<p><strong>V\u0161etky na\u0161e hry rozv\u00edjaj\u00fa komunika\u010dn\u00e9 zru\u010dnosti det\u00ed a vyz\u00fdvaj\u00fa ich produkova\u0165 slov\u00e1 a fr\u00e1zy z prisl\u00fachaj\u00facej piesne.\u00a0<\/strong><\/p>\n<p>K\u00fapou tohto produktu podporujete \u010fal\u0161\u00ed v\u00fdvoj piesn\u00ed, hier a in\u00fdch didaktick\u00fdch materi\u00e1lov na vyu\u010dovanie angli\u010dtiny doma i v \u0161kole. \u010eakujeme, \u017ee s nimi budete nar\u00e1ba\u0165 s \u00factou vo\u010di autorom <a href=\"https:\/\/www.funtasyenglish.com\/autorske-prava\/\">re\u0161pektovan\u00edm autorsk\u00fdch pr\u00e1v a autorsk\u00e9ho z\u00e1kona.<\/a><\/p>\n<p>&nbsp;<\/p>\n","protected":false},"featured_media":11061,"template":"","meta":[],"product_brand":[],"product_cat":[98],"product_tag":[],"class_list":{"0":"post-10960","1":"product","2":"type-product","3":"status-publish","4":"has-post-thumbnail","6":"product_cat-what-are-they-like","8":"first","9":"instock","10":"shipping-taxable","11":"purchasable","12":"product-type-simple"},"wcpa_form_fields":null,"_links":{"self":[{"href":"https:\/\/www.funtasyenglish.com\/wp-json\/wp\/v2\/product\/10960","targetHints":{"allow":["GET"]}}],"collection":[{"href":"https:\/\/www.funtasyenglish.com\/wp-json\/wp\/v2\/product"}],"about":[{"href":"https:\/\/www.funtasyenglish.com\/wp-json\/wp\/v2\/types\/product"}],"version-history":[{"count":6,"href":"https:\/\/www.funtasyenglish.com\/wp-json\/wp\/v2\/product\/10960\/revisions"}],"predecessor-version":[{"id":15910,"href":"https:\/\/www.funtasyenglish.com\/wp-json\/wp\/v2\/product\/10960\/revisions\/15910"}],"wp:featuredmedia":[{"embeddable":true,"href":"https:\/\/www.funtasyenglish.com\/wp-json\/wp\/v2\/media\/11061"}],"wp:attachment":[{"href":"https:\/\/www.funtasyenglish.com\/wp-json\/wp\/v2\/media?parent=10960"}],"wp:term":[{"taxonomy":"product_brand","embeddable":true,"href":"https:\/\/www.funtasyenglish.com\/wp-json\/wp\/v2\/product_brand?post=10960"},{"taxonomy":"product_cat","embeddable":true,"href":"https:\/\/www.funtasyenglish.com\/wp-json\/wp\/v2\/product_cat?post=10960"},{"taxonomy":"product_tag","embeddable":true,"href":"https:\/\/www.funtasyenglish.com\/wp-json\/wp\/v2\/product_tag?post=10960"}],"curies":[{"name":"wp","href":"https:\/\/api.w.org\/{rel}","templated":true}]}}