{"id":4930,"date":"2022-08-24T19:14:49","date_gmt":"2022-08-24T17:14:49","guid":{"rendered":"https:\/\/www.funtasyenglish.com\/motivacny-pribeh\/"},"modified":"2024-11-05T18:31:07","modified_gmt":"2024-11-05T17:31:07","slug":"motivacny-pribeh","status":"publish","type":"page","link":"https:\/\/www.funtasyenglish.com\/motivacny-pribeh\/","title":{"rendered":"Motiva\u010dn\u00fd pr\u00edbeh"},"content":{"rendered":"","protected":false},"excerpt":{"rendered":"","protected":false},"author":1,"featured_media":0,"parent":0,"menu_order":0,"comment_status":"closed","ping_status":"closed","template":"","meta":{"footnotes":""},"class_list":["post-4930","page","type-page","status-publish","hentry"],"_links":{"self":[{"href":"https:\/\/www.funtasyenglish.com\/wp-json\/wp\/v2\/pages\/4930","targetHints":{"allow":["GET"]}}],"collection":[{"href":"https:\/\/www.funtasyenglish.com\/wp-json\/wp\/v2\/pages"}],"about":[{"href":"https:\/\/www.funtasyenglish.com\/wp-json\/wp\/v2\/types\/page"}],"author":[{"embeddable":true,"href":"https:\/\/www.funtasyenglish.com\/wp-json\/wp\/v2\/users\/1"}],"replies":[{"embeddable":true,"href":"https:\/\/www.funtasyenglish.com\/wp-json\/wp\/v2\/comments?post=4930"}],"version-history":[{"count":1,"href":"https:\/\/www.funtasyenglish.com\/wp-json\/wp\/v2\/pages\/4930\/revisions"}],"predecessor-version":[{"id":10825,"href":"https:\/\/www.funtasyenglish.com\/wp-json\/wp\/v2\/pages\/4930\/revisions\/10825"}],"wp:attachment":[{"href":"https:\/\/www.funtasyenglish.com\/wp-json\/wp\/v2\/media?parent=4930"}],"curies":[{"name":"wp","href":"https:\/\/api.w.org\/{rel}","templated":true}]}}